{"id":978,"date":"2024-02-05T04:19:54","date_gmt":"2024-02-05T04:19:54","guid":{"rendered":"https:\/\/inmobiliariafortese.com.ar\/?page_id=978"},"modified":"2024-03-27T01:22:10","modified_gmt":"2024-03-27T01:22:10","slug":"elementor-978","status":"publish","type":"page","link":"https:\/\/inmobiliariafortese.com.ar\/?page_id=978","title":{"rendered":"Locales"},"content":{"rendered":"\t\t<div data-elementor-type=\"wp-page\" data-elementor-id=\"978\" class=\"elementor elementor-978\" data-elementor-post-type=\"page\">\n\t\t\t\t<div class=\"elementor-element elementor-element-6af6f23 e-flex e-con-boxed e-con e-parent\" data-id=\"6af6f23\" data-element_type=\"container\" data-e-type=\"container\">\n\t\t\t\t\t<div class=\"e-con-inner\">\n\t\t\t\t<div class=\"elementor-element elementor-element-6a7218a elementor-widget__width-initial elementor-fixed elementor-shape-rounded elementor-grid-0 e-grid-align-center elementor-widget elementor-widget-social-icons\" data-id=\"6a7218a\" data-element_type=\"widget\" data-e-type=\"widget\" data-settings=\"{&quot;_position&quot;:&quot;fixed&quot;}\" data-widget_type=\"social-icons.default\">\n\t\t\t\t<div class=\"elementor-widget-container\">\n\t\t\t\t\t\t\t<div class=\"elementor-social-icons-wrapper elementor-grid\" role=\"list\">\n\t\t\t\t\t\t\t<span class=\"elementor-grid-item\" role=\"listitem\">\n\t\t\t\t\t<a class=\"elementor-icon elementor-social-icon elementor-social-icon-facebook elementor-repeater-item-fcc4b6d\" href=\"https:\/\/www.facebook.com\/profile.php?id=100063475813279\" target=\"_blank\">\n\t\t\t\t\t\t<span class=\"elementor-screen-only\">Facebook<\/span>\n\t\t\t\t\t\t<i aria-hidden=\"true\" class=\"fab fa-facebook\"><\/i>\t\t\t\t\t<\/a>\n\t\t\t\t<\/span>\n\t\t\t\t\t\t\t<span class=\"elementor-grid-item\" role=\"listitem\">\n\t\t\t\t\t<a class=\"elementor-icon elementor-social-icon elementor-social-icon-instagram elementor-repeater-item-3567406\" href=\"https:\/\/www.instagram.com\/inmobiliariafortese\/\" target=\"_blank\">\n\t\t\t\t\t\t<span class=\"elementor-screen-only\">Instagram<\/span>\n\t\t\t\t\t\t<i aria-hidden=\"true\" class=\"fab fa-instagram\"><\/i>\t\t\t\t\t<\/a>\n\t\t\t\t<\/span>\n\t\t\t\t\t<\/div>\n\t\t\t\t\t\t<\/div>\n\t\t\t\t<\/div>\n\t\t\t\t\t<\/div>\n\t\t\t\t<\/div>\n\t\t<div class=\"elementor-element elementor-element-152d7c7 e-flex e-con-boxed e-con e-parent\" data-id=\"152d7c7\" data-element_type=\"container\" data-e-type=\"container\">\n\t\t\t\t\t<div class=\"e-con-inner\">\n\t\t\t\t<div class=\"elementor-element elementor-element-2b587dc bdt-navigation-type-both bdt-item-match-height--yes bdt-carousel-style-carousel elementor-widget elementor-widget-bdt-static-carousel\" data-id=\"2b587dc\" data-element_type=\"widget\" data-e-type=\"widget\" data-widget_type=\"bdt-static-carousel.default\">\n\t\t\t\t<div class=\"elementor-widget-container\">\n\t\t\t\t\t        <div id=\"bdt-static-carousel-2b587dc\" class=\"bdt-arrows-dots-align-center bdt-static-carousel\" data-settings=\"{&quot;autoplay&quot;:{&quot;delay&quot;:5000,&quot;disableOnInteraction&quot;:false},&quot;loop&quot;:true,&quot;speed&quot;:500,&quot;pauseOnHover&quot;:true,&quot;slidesPerView&quot;:1,&quot;slidesPerGroup&quot;:1,&quot;spaceBetween&quot;:20,&quot;effect&quot;:&quot;carousel&quot;,&quot;breakpoints&quot;:{&quot;767&quot;:{&quot;slidesPerView&quot;:2,&quot;spaceBetween&quot;:20,&quot;slidesPerGroup&quot;:1},&quot;1023&quot;:{&quot;slidesPerView&quot;:3,&quot;spaceBetween&quot;:20,&quot;slidesPerGroup&quot;:1}},&quot;navigation&quot;:{&quot;nextEl&quot;:&quot;#bdt-static-carousel-2b587dc .bdt-navigation-next&quot;,&quot;prevEl&quot;:&quot;#bdt-static-carousel-2b587dc .bdt-navigation-prev&quot;},&quot;pagination&quot;:{&quot;el&quot;:&quot;#bdt-static-carousel-2b587dc .swiper-pagination&quot;,&quot;type&quot;:&quot;bullets&quot;,&quot;clickable&quot;:&quot;true&quot;,&quot;dynamicBullets&quot;:false},&quot;scrollbar&quot;:{&quot;el&quot;:&quot;#bdt-static-carousel-2b587dc .swiper-scrollbar&quot;,&quot;hide&quot;:&quot;true&quot;},&quot;coverflowEffect&quot;:{&quot;rotate&quot;:50,&quot;stretch&quot;:0,&quot;depth&quot;:100,&quot;modifier&quot;:1,&quot;slideShadows&quot;:true}}\">\n            <div class=\"swiper-carousel swiper\" role=\"region\" aria-roledescription=\"carousel\" aria-label=\"Static Carousel\" dir=\"ltr\">\n                <div class=\"swiper-wrapper\">\n                    \n                    <div class=\"bdt-ep-static-carousel-item swiper-slide\">\n                        <div class=\"bdt-flex bdt-ep-static-carousel-image\">\n\n            <img fetchpriority=\"high\" decoding=\"async\" width=\"800\" height=\"800\" src=\"https:\/\/inmobiliariafortese.com.ar\/wp-content\/uploads\/2024\/02\/366516572_980228449697652_1413905648842423293_n-1024x1024.jpg\" class=\"attachment-large size-large\" alt=\"Del corro 1021\" srcset=\"https:\/\/inmobiliariafortese.com.ar\/wp-content\/uploads\/2024\/02\/366516572_980228449697652_1413905648842423293_n-1024x1024.jpg 1024w, https:\/\/inmobiliariafortese.com.ar\/wp-content\/uploads\/2024\/02\/366516572_980228449697652_1413905648842423293_n-300x300.jpg 300w, https:\/\/inmobiliariafortese.com.ar\/wp-content\/uploads\/2024\/02\/366516572_980228449697652_1413905648842423293_n-150x150.jpg 150w, https:\/\/inmobiliariafortese.com.ar\/wp-content\/uploads\/2024\/02\/366516572_980228449697652_1413905648842423293_n-768x768.jpg 768w, https:\/\/inmobiliariafortese.com.ar\/wp-content\/uploads\/2024\/02\/366516572_980228449697652_1413905648842423293_n.jpg 1080w\" sizes=\"(max-width: 800px) 100vw, 800px\" \/>\n            \n        <\/div>\n                        <div class=\"bdt-ep-static-carousel-content\">\n                                        <h4                class=\"bdt-ep-static-carousel-sub-title\">\n                Local a la venta            <\/h4>\n                                                    <h3                class=\"bdt-ep-static-carousel-title ep-title-\">\n                Del corro 1021                            <\/h3>\n                                                    <div class=\"bdt-ep-static-carousel-text\">\n                <p>cuenta con 300 metros de construcci\u00f3n , sal\u00f3n principal en planta baja , dos oficinas en su planta alta , ba\u00f1os completo , cocina. A estrenar.<\/p>            <\/div>\n                                                    <div class=\"bdt-ep-static-carousel-readmore-wrap\">\n                <a class=\"bdt-ep-static-carousel-readmore \" href=\"https:\/\/inmobiliariafortese.com.ar\/wp-admin\/post.php?post=734&#038;action=elementor\">\n                    M\u00e1s detalles                                            <span class=\"bdt-button-icon-align-right\">\n                            <i aria-hidden=\"true\" class=\"fa-fw fas fa-arrow-circle-right\"><\/i>                        <\/span>\n                                    <\/a>\n            <\/div>\n                            <\/div>\n\n                            <\/div>\n                    <div class=\"bdt-ep-static-carousel-item swiper-slide\">\n                        <div class=\"bdt-flex bdt-ep-static-carousel-image bdt-flex bdt-ep-static-carousel-image\">\n\n            <img decoding=\"async\" width=\"800\" height=\"800\" src=\"https:\/\/inmobiliariafortese.com.ar\/wp-content\/uploads\/2024\/03\/432951296_18338068510116007_2300730279971214689_n-1.jpg\" class=\"attachment-large size-large\" alt=\"Calle Anchorena\" srcset=\"https:\/\/inmobiliariafortese.com.ar\/wp-content\/uploads\/2024\/03\/432951296_18338068510116007_2300730279971214689_n-1.jpg 1024w, https:\/\/inmobiliariafortese.com.ar\/wp-content\/uploads\/2024\/03\/432951296_18338068510116007_2300730279971214689_n-1-300x300.jpg 300w, https:\/\/inmobiliariafortese.com.ar\/wp-content\/uploads\/2024\/03\/432951296_18338068510116007_2300730279971214689_n-1-150x150.jpg 150w, https:\/\/inmobiliariafortese.com.ar\/wp-content\/uploads\/2024\/03\/432951296_18338068510116007_2300730279971214689_n-1-768x768.jpg 768w\" sizes=\"(max-width: 800px) 100vw, 800px\" \/>\n            \n        <\/div>\n                        <div class=\"bdt-ep-static-carousel-content\">\n                                        <h4                class=\"bdt-ep-static-carousel-sub-title\">\n                Local a la venta            <\/h4>\n                                                    <h3                class=\"bdt-ep-static-carousel-title ep-title-\">\n                Calle Anchorena                            <\/h3>\n                                                    <div class=\"bdt-ep-static-carousel-text\">\n                <p>Venta: Local comercial , ubicado sobre calle Anchorena entre Rodr\u00edguez y Santa Maria De Oro, frente a plaza Mitre de la ciudad de Baradero, construido sobre un importante lote de terreno de 500 metros cuadrados. Excelente propiedad para desarrollos inmobiliarios.<\/p>            <\/div>\n                                                    <div class=\"bdt-ep-static-carousel-readmore-wrap\">\n                <a class=\"bdt-ep-static-carousel-readmore \" href=\"https:\/\/inmobiliariafortese.com.ar\/wp-admin\/post.php?post=1559&#038;action=elementor\">\n                    M\u00e1s detalles                                            <span class=\"bdt-button-icon-align-right\">\n                            <i aria-hidden=\"true\" class=\"fa-fw fas fa-arrow-circle-right\"><\/i>                        <\/span>\n                                    <\/a>\n            <\/div>\n                            <\/div>\n\n                            <\/div>\n        \t\t<\/div>\n\t\t\t\t<\/div>\n\n\t\t\t\t\t\t\t<div class=\"bdt-position-z-index bdt-position-center\">\n\t\t\t<div class=\"bdt-arrows-dots-container bdt-slidenav-container \">\n\n\t\t\t\t<div class=\"bdt-flex bdt-flex-middle\">\n\t\t\t\t\t<div class=\"bdt-visible@m\">\n\t\t\t\t\t\t<div class=\"bdt-navigation-prev bdt-slidenav-previous bdt-icon bdt-slidenav\">\n\t\t\t\t\t\t\t<i class=\"ep-icon-arrow-left-circle-3\" aria-hidden=\"true\"><\/i>\n\t\t\t\t\t\t<\/div>\n\t\t\t\t\t<\/div>\n\n\t\t\t\t\t\n\t\t\t\t\t<div class=\"bdt-visible@m\">\n\t\t\t\t\t\t<div class=\"bdt-navigation-next bdt-slidenav-next bdt-icon bdt-slidenav\">\n\t\t\t\t\t\t\t<i class=\"ep-icon-arrow-right-circle-3\" aria-hidden=\"true\"><\/i>\n\t\t\t\t\t\t<\/div>\n\t\t\t\t\t<\/div>\n\n\t\t\t\t<\/div>\n\t\t\t<\/div>\n\t\t<\/div>\n\t\t\t\t\t\t\t\t<div class=\"bdt-position-z-index bdt-position-bottom\">\n\t\t\t\t\t<div class=\"bdt-dots-container\">\n\t\t\t\t\t\t<div class=\"swiper-pagination\"><\/div>\n\t\t\t\t\t<\/div>\n\t\t\t\t<\/div>\n\t\t\t\t\t\n\t\t<\/div>\n\n\t\t\t\t<\/div>\n\t\t\t\t<\/div>\n\t\t\t\t\t<\/div>\n\t\t\t\t<\/div>\n\t\t\t\t<\/div>\n\t\t","protected":false},"excerpt":{"rendered":"<p>Facebook Instagram Local a la venta Del corro 1021 cuenta con 300 metros de construcci\u00f3n , sal\u00f3n principal en planta baja , dos oficinas en su planta alta , ba\u00f1os &#8230;<\/p>\n","protected":false},"author":1,"featured_media":0,"parent":0,"menu_order":0,"comment_status":"closed","ping_status":"closed","template":"","meta":{"footnotes":""},"class_list":["post-978","page","type-page","status-publish","hentry"],"_links":{"self":[{"href":"https:\/\/inmobiliariafortese.com.ar\/index.php?rest_route=\/wp\/v2\/pages\/978","targetHints":{"allow":["GET"]}}],"collection":[{"href":"https:\/\/inmobiliariafortese.com.ar\/index.php?rest_route=\/wp\/v2\/pages"}],"about":[{"href":"https:\/\/inmobiliariafortese.com.ar\/index.php?rest_route=\/wp\/v2\/types\/page"}],"author":[{"embeddable":true,"href":"https:\/\/inmobiliariafortese.com.ar\/index.php?rest_route=\/wp\/v2\/users\/1"}],"replies":[{"embeddable":true,"href":"https:\/\/inmobiliariafortese.com.ar\/index.php?rest_route=%2Fwp%2Fv2%2Fcomments&post=978"}],"version-history":[{"count":52,"href":"https:\/\/inmobiliariafortese.com.ar\/index.php?rest_route=\/wp\/v2\/pages\/978\/revisions"}],"predecessor-version":[{"id":1572,"href":"https:\/\/inmobiliariafortese.com.ar\/index.php?rest_route=\/wp\/v2\/pages\/978\/revisions\/1572"}],"wp:attachment":[{"href":"https:\/\/inmobiliariafortese.com.ar\/index.php?rest_route=%2Fwp%2Fv2%2Fmedia&parent=978"}],"curies":[{"name":"wp","href":"https:\/\/api.w.org\/{rel}","templated":true}]}}