{"id":969,"date":"2024-02-05T04:15:28","date_gmt":"2024-02-05T04:15:28","guid":{"rendered":"https:\/\/inmobiliariafortese.com.ar\/?page_id=969"},"modified":"2024-02-05T04:56:03","modified_gmt":"2024-02-05T04:56:03","slug":"terreno-a","status":"publish","type":"page","link":"https:\/\/inmobiliariafortese.com.ar\/?page_id=969","title":{"rendered":"Terreno A"},"content":{"rendered":"\t\t<div data-elementor-type=\"wp-page\" data-elementor-id=\"969\" class=\"elementor elementor-969\" data-elementor-post-type=\"page\">\n\t\t\t\t<div class=\"elementor-element elementor-element-bf5c21f e-flex e-con-boxed e-con e-parent\" data-id=\"bf5c21f\" data-element_type=\"container\" data-e-type=\"container\">\n\t\t\t\t\t<div class=\"e-con-inner\">\n\t\t\t\t<div class=\"elementor-element elementor-element-1f22d10 elementor-widget__width-initial elementor-fixed elementor-shape-rounded elementor-grid-0 e-grid-align-center elementor-widget elementor-widget-social-icons\" data-id=\"1f22d10\" data-element_type=\"widget\" data-e-type=\"widget\" data-settings=\"{&quot;_position&quot;:&quot;fixed&quot;}\" data-widget_type=\"social-icons.default\">\n\t\t\t\t<div class=\"elementor-widget-container\">\n\t\t\t\t\t\t\t<div class=\"elementor-social-icons-wrapper elementor-grid\" role=\"list\">\n\t\t\t\t\t\t\t<span class=\"elementor-grid-item\" role=\"listitem\">\n\t\t\t\t\t<a class=\"elementor-icon elementor-social-icon elementor-social-icon-facebook elementor-repeater-item-fcc4b6d\" href=\"https:\/\/www.facebook.com\/profile.php?id=100063475813279\" target=\"_blank\">\n\t\t\t\t\t\t<span class=\"elementor-screen-only\">Facebook<\/span>\n\t\t\t\t\t\t<i aria-hidden=\"true\" class=\"fab fa-facebook\"><\/i>\t\t\t\t\t<\/a>\n\t\t\t\t<\/span>\n\t\t\t\t\t\t\t<span class=\"elementor-grid-item\" role=\"listitem\">\n\t\t\t\t\t<a class=\"elementor-icon elementor-social-icon elementor-social-icon-instagram elementor-repeater-item-3567406\" href=\"https:\/\/www.instagram.com\/inmobiliariafortese\/\" target=\"_blank\">\n\t\t\t\t\t\t<span class=\"elementor-screen-only\">Instagram<\/span>\n\t\t\t\t\t\t<i aria-hidden=\"true\" class=\"fab fa-instagram\"><\/i>\t\t\t\t\t<\/a>\n\t\t\t\t<\/span>\n\t\t\t\t\t<\/div>\n\t\t\t\t\t\t<\/div>\n\t\t\t\t<\/div>\n\t\t\t\t\t<\/div>\n\t\t\t\t<\/div>\n\t\t<div class=\"elementor-element elementor-element-0c72588 e-flex e-con-boxed e-con e-parent\" data-id=\"0c72588\" data-element_type=\"container\" data-e-type=\"container\">\n\t\t\t\t\t<div class=\"e-con-inner\">\n\t\t\t\t<div class=\"elementor-element elementor-element-666d79e elementor-widget elementor-widget-bdt-static-grid-tab\" data-id=\"666d79e\" data-element_type=\"widget\" data-e-type=\"widget\" data-widget_type=\"bdt-static-grid-tab.default\">\n\t\t\t\t<div class=\"elementor-widget-container\">\n\t\t\t\t\t\t\t<div class=\"bdt-static-grid-tab\" data-settings=\"{&quot;grid&quot;:4,&quot;borderWidth&quot;:2,&quot;config&quot;:{&quot;layout&quot;:&quot;grid&quot;,&quot;speed&quot;:500,&quot;activeTab&quot;:&quot;&quot;,&quot;showClose&quot;:true,&quot;scrollToTab&quot;:false,&quot;rtl&quot;:false},&quot;responsive&quot;:[{&quot;breakpoint&quot;:1023,&quot;settings&quot;:{&quot;grid&quot;:3}},{&quot;breakpoint&quot;:767,&quot;settings&quot;:{&quot;grid&quot;:2}}]}\">\n\t\t\t\t\t<dl id=\"bdt-ep-static-grid-tab-666d79e\" class=\"gridtab\">\n\t\t\t\t\t\t\t\t\t\t<dt>\n\t\t\t\t\t\t<div class=\"bdt-ep-static-grid-tab-thumbnail\">\n\t\t\t<img decoding=\"async\" src=\"https:\/\/inmobiliariafortese.com.ar\/wp-content\/uploads\/2024\/02\/358796183_619318779977078_5900244534822540197_n-300x300.jpg\" alt=\"Terreno abril\">\n\t\t<\/div>\n\t\t\t\t\t<\/dt>\n\t\t\t<dd>\n\t\t\t\t\t\t\t<div class=\"bdt-ep-static-grid-tab-item\">\n\t\t\t\t\t\t<div class=\"bdt-ep-static-grid-tab-image\">\n\t\t\t<div class=\"bdt-ep-static-grid-tab-image-inner bdt-gt-mh bdt-cover-container\">\n\n\t\t\t\t<img fetchpriority=\"high\" decoding=\"async\" width=\"300\" height=\"300\" src=\"https:\/\/inmobiliariafortese.com.ar\/wp-content\/uploads\/2024\/02\/358796183_619318779977078_5900244534822540197_n-300x300.jpg\" class=\"attachment-medium size-medium\" alt=\"Terreno abril\" srcset=\"https:\/\/inmobiliariafortese.com.ar\/wp-content\/uploads\/2024\/02\/358796183_619318779977078_5900244534822540197_n-300x300.jpg 300w, https:\/\/inmobiliariafortese.com.ar\/wp-content\/uploads\/2024\/02\/358796183_619318779977078_5900244534822540197_n-150x150.jpg 150w, https:\/\/inmobiliariafortese.com.ar\/wp-content\/uploads\/2024\/02\/358796183_619318779977078_5900244534822540197_n-768x768.jpg 768w, https:\/\/inmobiliariafortese.com.ar\/wp-content\/uploads\/2024\/02\/358796183_619318779977078_5900244534822540197_n.jpg 960w\" sizes=\"(max-width: 300px) 100vw, 300px\" \/>\n\t\t\t<\/div>\n\t\t<\/div>\n\t\t\t\t\t\t\t\t\t\t\t\t\t<div class=\"bdt-ep-static-grid-tab-desc\">\n\t\t\t\t\t<div class=\"bdt-post-grid-desc-inner bdt-gt-mh\">\n\t\t\t\t\t\t\t\t\t\t\t<h3\t\t\t\tclass=\"bdt-ep-static-grid-tab-main-title\">\n\t\t\t\tTerreno abril\t\t\t<\/h3>\n\t\t\t\t\t\t\t\t\t\t\t\t\t\t<div class=\"bdt-ep-static-grid-tab-excerpt\">\n\t\t\t\t<p>Se vende terreno en barrio cerrado Abril sobre Ruta 41 y avenida Roca. Barrio cerrado delimitado al exterrior, con mucha vegetaci\u00f3n y arboles a\u00f1ejos.<br \/>Entrada principal por Ruta 41 con acceso por port\u00f3n (con entrada y salida) con control remoto. Posee cierre y apertura remota, c\u00e1mara de seguridad 24 horas (se maneja a trav\u00e9s de una aplicaci\u00f3n que se baja en el celular, se abre el port\u00f3n y se cierra a distancia).<\/p><p>Las medidas del terreno son 10,5 (ancho) x 30,5 (largo) y se encuentra sobre la calle principal del barrio (da al ingreso).<br \/>El terreno cuenta con conexi\u00f3n de agua realizada, dos canillas distribuidas en el lote y posee sistema de riego con manguera negra en toda la circunferencia del lote.<\/p>\t\t\t<\/div>\n\t\t\t\t\t\t\t\t\t\t\t\t\t\t<div class=\"bdt-ep-static-grid-tab-readmore-wrap\">\n\t\t\t\t<a class=\"bdt-ep-static-grid-tab-readmore \" href=\"#\">\n\t\t\t\t\t\t\t\t\t\t\t\t\t\t<\/a>\n\t\t\t<\/div>\n\t\t\t\t\t\t\t\t<\/div>\n\t\t\t\t<\/div>\n\t\t\t\t\t\t<\/div>\n\t\t\t\t\t\t<\/dd>\n\t\t\t\t\t\t\t\t\t\t\t\t\t<dt>\n\t\t\t\t\t\t<div class=\"bdt-ep-static-grid-tab-thumbnail\">\n\t\t\t<img decoding=\"async\" src=\"https:\/\/inmobiliariafortese.com.ar\/wp-content\/uploads\/2024\/02\/358441250_293494573252960_2930574399685362014_n-300x300.jpg\" alt=\"Terreno abril\">\n\t\t<\/div>\n\t\t\t\t\t<\/dt>\n\t\t\t<dd>\n\t\t\t\t\t\t\t<div class=\"bdt-ep-static-grid-tab-item\">\n\t\t\t\t\t\t<div class=\"bdt-ep-static-grid-tab-image\">\n\t\t\t<div class=\"bdt-ep-static-grid-tab-image-inner bdt-gt-mh bdt-cover-container\">\n\n\t\t\t\t<img decoding=\"async\" width=\"300\" height=\"300\" src=\"https:\/\/inmobiliariafortese.com.ar\/wp-content\/uploads\/2024\/02\/358441250_293494573252960_2930574399685362014_n-300x300.jpg\" class=\"attachment-medium size-medium\" alt=\"Terreno abril\" srcset=\"https:\/\/inmobiliariafortese.com.ar\/wp-content\/uploads\/2024\/02\/358441250_293494573252960_2930574399685362014_n-300x300.jpg 300w, https:\/\/inmobiliariafortese.com.ar\/wp-content\/uploads\/2024\/02\/358441250_293494573252960_2930574399685362014_n-150x150.jpg 150w, https:\/\/inmobiliariafortese.com.ar\/wp-content\/uploads\/2024\/02\/358441250_293494573252960_2930574399685362014_n-768x768.jpg 768w, https:\/\/inmobiliariafortese.com.ar\/wp-content\/uploads\/2024\/02\/358441250_293494573252960_2930574399685362014_n.jpg 899w\" sizes=\"(max-width: 300px) 100vw, 300px\" \/>\n\t\t\t<\/div>\n\t\t<\/div>\n\t\t\t\t\t\t\t\t\t\t\t\t\t<div class=\"bdt-ep-static-grid-tab-desc\">\n\t\t\t\t\t<div class=\"bdt-post-grid-desc-inner bdt-gt-mh\">\n\t\t\t\t\t\t\t\t\t\t\t<h3\t\t\t\tclass=\"bdt-ep-static-grid-tab-main-title\">\n\t\t\t\tTerreno abril\t\t\t<\/h3>\n\t\t\t\t\t\t\t\t\t\t\t\t\t\t<div class=\"bdt-ep-static-grid-tab-excerpt\">\n\t\t\t\t<p>Se vende terreno en barrio cerrado Abril sobre Ruta 41 y avenida Roca. Barrio cerrado delimitado al exterrior, con mucha vegetaci\u00f3n y arboles a\u00f1ejos.<br \/>Entrada principal por Ruta 41 con acceso por port\u00f3n (con entrada y salida) con control remoto. Posee cierre y apertura remota, c\u00e1mara de seguridad 24 horas (se maneja a trav\u00e9s de una aplicaci\u00f3n que se baja en el celular, se abre el port\u00f3n y se cierra a distancia).<\/p><p>Las medidas del terreno son 10,5 (ancho) x 30,5 (largo) y se encuentra sobre la calle principal del barrio (da al ingreso).<br \/>El terreno cuenta con conexi\u00f3n de agua realizada, dos canillas distribuidas en el lote y posee sistema de riego con manguera negra en toda la circunferencia del lote.<\/p>\t\t\t<\/div>\n\t\t\t\t\t\t\t\t\t\t\t\t\t\t<div class=\"bdt-ep-static-grid-tab-readmore-wrap\">\n\t\t\t\t<a class=\"bdt-ep-static-grid-tab-readmore \" href=\"#\">\n\t\t\t\t\t\t\t\t\t\t\t\t\t\t<\/a>\n\t\t\t<\/div>\n\t\t\t\t\t\t\t\t<\/div>\n\t\t\t\t<\/div>\n\t\t\t\t\t\t<\/div>\n\t\t\t\t\t\t<\/dd>\n\t\t\t\t\t\t\t\t\t\t\t\t\t<dt>\n\t\t\t\t\t\t<div class=\"bdt-ep-static-grid-tab-thumbnail\">\n\t\t\t<img decoding=\"async\" src=\"https:\/\/inmobiliariafortese.com.ar\/wp-content\/uploads\/2024\/02\/358441250_293494573252960_2930574399685362014_n-1-300x300.jpg\" alt=\"Terreno abril\">\n\t\t<\/div>\n\t\t\t\t\t<\/dt>\n\t\t\t<dd>\n\t\t\t\t\t\t\t<div class=\"bdt-ep-static-grid-tab-item\">\n\t\t\t\t\t\t<div class=\"bdt-ep-static-grid-tab-image\">\n\t\t\t<div class=\"bdt-ep-static-grid-tab-image-inner bdt-gt-mh bdt-cover-container\">\n\n\t\t\t\t<img decoding=\"async\" width=\"300\" height=\"300\" src=\"https:\/\/inmobiliariafortese.com.ar\/wp-content\/uploads\/2024\/02\/358441250_293494573252960_2930574399685362014_n-1-300x300.jpg\" class=\"attachment-medium size-medium\" alt=\"Terreno abril\" srcset=\"https:\/\/inmobiliariafortese.com.ar\/wp-content\/uploads\/2024\/02\/358441250_293494573252960_2930574399685362014_n-1-300x300.jpg 300w, https:\/\/inmobiliariafortese.com.ar\/wp-content\/uploads\/2024\/02\/358441250_293494573252960_2930574399685362014_n-1-150x150.jpg 150w, https:\/\/inmobiliariafortese.com.ar\/wp-content\/uploads\/2024\/02\/358441250_293494573252960_2930574399685362014_n-1-768x768.jpg 768w, https:\/\/inmobiliariafortese.com.ar\/wp-content\/uploads\/2024\/02\/358441250_293494573252960_2930574399685362014_n-1.jpg 899w\" sizes=\"(max-width: 300px) 100vw, 300px\" \/>\n\t\t\t<\/div>\n\t\t<\/div>\n\t\t\t\t\t\t\t\t\t\t\t\t\t<div class=\"bdt-ep-static-grid-tab-desc\">\n\t\t\t\t\t<div class=\"bdt-post-grid-desc-inner bdt-gt-mh\">\n\t\t\t\t\t\t\t\t\t\t\t<h3\t\t\t\tclass=\"bdt-ep-static-grid-tab-main-title\">\n\t\t\t\tTerreno abril\t\t\t<\/h3>\n\t\t\t\t\t\t\t\t\t\t\t\t\t\t<div class=\"bdt-ep-static-grid-tab-excerpt\">\n\t\t\t\t<p>Se vende terreno en barrio cerrado Abril sobre Ruta 41 y avenida Roca. Barrio cerrado delimitado al exterrior, con mucha vegetaci\u00f3n y arboles a\u00f1ejos.<br \/>Entrada principal por Ruta 41 con acceso por port\u00f3n (con entrada y salida) con control remoto. Posee cierre y apertura remota, c\u00e1mara de seguridad 24 horas (se maneja a trav\u00e9s de una aplicaci\u00f3n que se baja en el celular, se abre el port\u00f3n y se cierra a distancia).<\/p><p>Las medidas del terreno son 10,5 (ancho) x 30,5 (largo) y se encuentra sobre la calle principal del barrio (da al ingreso).<br \/>El terreno cuenta con conexi\u00f3n de agua realizada, dos canillas distribuidas en el lote y posee sistema de riego con manguera negra en toda la circunferencia del lote.<\/p>\t\t\t<\/div>\n\t\t\t\t\t\t\t\t\t\t\t\t\t\t<div class=\"bdt-ep-static-grid-tab-readmore-wrap\">\n\t\t\t\t<a class=\"bdt-ep-static-grid-tab-readmore \" href=\"#\">\n\t\t\t\t\t\t\t\t\t\t\t\t\t\t<\/a>\n\t\t\t<\/div>\n\t\t\t\t\t\t\t\t<\/div>\n\t\t\t\t<\/div>\n\t\t\t\t\t\t<\/div>\n\t\t\t\t\t\t<\/dd>\n\t\t\t\t\t\t\t\t\t\t\t\t\t<dt>\n\t\t\t\t\t\t<div class=\"bdt-ep-static-grid-tab-thumbnail\">\n\t\t\t<img decoding=\"async\" src=\"https:\/\/inmobiliariafortese.com.ar\/wp-content\/uploads\/2024\/02\/358441250_293494573252960_2930574399685362014_n-2-300x300.jpg\" alt=\"Terreno abril\">\n\t\t<\/div>\n\t\t\t\t\t<\/dt>\n\t\t\t<dd>\n\t\t\t\t\t\t\t<div class=\"bdt-ep-static-grid-tab-item\">\n\t\t\t\t\t\t<div class=\"bdt-ep-static-grid-tab-image\">\n\t\t\t<div class=\"bdt-ep-static-grid-tab-image-inner bdt-gt-mh bdt-cover-container\">\n\n\t\t\t\t<img loading=\"lazy\" decoding=\"async\" width=\"300\" height=\"300\" src=\"https:\/\/inmobiliariafortese.com.ar\/wp-content\/uploads\/2024\/02\/358441250_293494573252960_2930574399685362014_n-2-300x300.jpg\" class=\"attachment-medium size-medium\" alt=\"Terreno abril\" srcset=\"https:\/\/inmobiliariafortese.com.ar\/wp-content\/uploads\/2024\/02\/358441250_293494573252960_2930574399685362014_n-2-300x300.jpg 300w, https:\/\/inmobiliariafortese.com.ar\/wp-content\/uploads\/2024\/02\/358441250_293494573252960_2930574399685362014_n-2-150x150.jpg 150w, https:\/\/inmobiliariafortese.com.ar\/wp-content\/uploads\/2024\/02\/358441250_293494573252960_2930574399685362014_n-2-768x768.jpg 768w, https:\/\/inmobiliariafortese.com.ar\/wp-content\/uploads\/2024\/02\/358441250_293494573252960_2930574399685362014_n-2.jpg 899w\" sizes=\"(max-width: 300px) 100vw, 300px\" \/>\n\t\t\t<\/div>\n\t\t<\/div>\n\t\t\t\t\t\t\t\t\t\t\t\t\t<div class=\"bdt-ep-static-grid-tab-desc\">\n\t\t\t\t\t<div class=\"bdt-post-grid-desc-inner bdt-gt-mh\">\n\t\t\t\t\t\t\t\t\t\t\t<h3\t\t\t\tclass=\"bdt-ep-static-grid-tab-main-title\">\n\t\t\t\tTerreno abril\t\t\t<\/h3>\n\t\t\t\t\t\t\t\t\t\t\t\t\t\t<div class=\"bdt-ep-static-grid-tab-excerpt\">\n\t\t\t\t<p>Se vende terreno en barrio cerrado Abril sobre Ruta 41 y avenida Roca. Barrio cerrado delimitado al exterrior, con mucha vegetaci\u00f3n y arboles a\u00f1ejos.<br \/>Entrada principal por Ruta 41 con acceso por port\u00f3n (con entrada y salida) con control remoto. Posee cierre y apertura remota, c\u00e1mara de seguridad 24 horas (se maneja a trav\u00e9s de una aplicaci\u00f3n que se baja en el celular, se abre el port\u00f3n y se cierra a distancia).<\/p><p>Las medidas del terreno son 10,5 (ancho) x 30,5 (largo) y se encuentra sobre la calle principal del barrio (da al ingreso).<br \/>El terreno cuenta con conexi\u00f3n de agua realizada, dos canillas distribuidas en el lote y posee sistema de riego con manguera negra en toda la circunferencia del lote.<\/p>\t\t\t<\/div>\n\t\t\t\t\t\t\t\t\t\t\t\t\t\t<div class=\"bdt-ep-static-grid-tab-readmore-wrap\">\n\t\t\t\t<a class=\"bdt-ep-static-grid-tab-readmore \" href=\"#\">\n\t\t\t\t\t\t\t\t\t\t\t\t\t\t<\/a>\n\t\t\t<\/div>\n\t\t\t\t\t\t\t\t<\/div>\n\t\t\t\t<\/div>\n\t\t\t\t\t\t<\/div>\n\t\t\t\t\t\t<\/dd>\n\t\t\t\t\t\t\t\t<\/dl>\n\t\t<\/div>\n\t\t\t\t\t\t<\/div>\n\t\t\t\t<\/div>\n\t\t\t\t\t<\/div>\n\t\t\t\t<\/div>\n\t\t\t\t<\/div>\n\t\t","protected":false},"excerpt":{"rendered":"<p>Facebook Instagram Terreno abril Se vende terreno en barrio cerrado Abril sobre Ruta 41 y avenida Roca. Barrio cerrado delimitado al exterrior, con mucha vegetaci\u00f3n y arboles a\u00f1ejos.Entrada principal por &#8230;<\/p>\n","protected":false},"author":1,"featured_media":0,"parent":0,"menu_order":0,"comment_status":"closed","ping_status":"closed","template":"","meta":{"footnotes":""},"class_list":["post-969","page","type-page","status-publish","hentry"],"_links":{"self":[{"href":"https:\/\/inmobiliariafortese.com.ar\/index.php?rest_route=\/wp\/v2\/pages\/969","targetHints":{"allow":["GET"]}}],"collection":[{"href":"https:\/\/inmobiliariafortese.com.ar\/index.php?rest_route=\/wp\/v2\/pages"}],"about":[{"href":"https:\/\/inmobiliariafortese.com.ar\/index.php?rest_route=\/wp\/v2\/types\/page"}],"author":[{"embeddable":true,"href":"https:\/\/inmobiliariafortese.com.ar\/index.php?rest_route=\/wp\/v2\/users\/1"}],"replies":[{"embeddable":true,"href":"https:\/\/inmobiliariafortese.com.ar\/index.php?rest_route=%2Fwp%2Fv2%2Fcomments&post=969"}],"version-history":[{"count":7,"href":"https:\/\/inmobiliariafortese.com.ar\/index.php?rest_route=\/wp\/v2\/pages\/969\/revisions"}],"predecessor-version":[{"id":1029,"href":"https:\/\/inmobiliariafortese.com.ar\/index.php?rest_route=\/wp\/v2\/pages\/969\/revisions\/1029"}],"wp:attachment":[{"href":"https:\/\/inmobiliariafortese.com.ar\/index.php?rest_route=%2Fwp%2Fv2%2Fmedia&parent=969"}],"curies":[{"name":"wp","href":"https:\/\/api.w.org\/{rel}","templated":true}]}}