{"id":787,"date":"2024-01-27T05:22:44","date_gmt":"2024-01-27T05:22:44","guid":{"rendered":"https:\/\/inmobiliariafortese.com.ar\/?page_id=787"},"modified":"2024-01-27T05:27:43","modified_gmt":"2024-01-27T05:27:43","slug":"peuma-2-2","status":"publish","type":"page","link":"https:\/\/inmobiliariafortese.com.ar\/?page_id=787","title":{"rendered":"Peuma 2"},"content":{"rendered":"\t\t<div data-elementor-type=\"wp-page\" data-elementor-id=\"787\" class=\"elementor elementor-787\" data-elementor-post-type=\"page\">\n\t\t\t\t<div class=\"elementor-element elementor-element-1afa203 e-flex e-con-boxed e-con e-parent\" data-id=\"1afa203\" data-element_type=\"container\" data-e-type=\"container\">\n\t\t\t\t\t<div class=\"e-con-inner\">\n\t\t\t\t<div class=\"elementor-element elementor-element-c8abd5f elementor-widget__width-initial elementor-fixed elementor-shape-rounded elementor-grid-0 e-grid-align-center elementor-widget elementor-widget-social-icons\" data-id=\"c8abd5f\" data-element_type=\"widget\" data-e-type=\"widget\" data-settings=\"{&quot;_position&quot;:&quot;fixed&quot;}\" data-widget_type=\"social-icons.default\">\n\t\t\t\t<div class=\"elementor-widget-container\">\n\t\t\t\t\t\t\t<div class=\"elementor-social-icons-wrapper elementor-grid\" role=\"list\">\n\t\t\t\t\t\t\t<span class=\"elementor-grid-item\" role=\"listitem\">\n\t\t\t\t\t<a class=\"elementor-icon elementor-social-icon elementor-social-icon-facebook elementor-repeater-item-fcc4b6d\" href=\"https:\/\/www.facebook.com\/profile.php?id=100063475813279\" target=\"_blank\">\n\t\t\t\t\t\t<span class=\"elementor-screen-only\">Facebook<\/span>\n\t\t\t\t\t\t<i aria-hidden=\"true\" class=\"fab fa-facebook\"><\/i>\t\t\t\t\t<\/a>\n\t\t\t\t<\/span>\n\t\t\t\t\t\t\t<span class=\"elementor-grid-item\" role=\"listitem\">\n\t\t\t\t\t<a class=\"elementor-icon elementor-social-icon elementor-social-icon-instagram elementor-repeater-item-3567406\" href=\"https:\/\/www.instagram.com\/inmobiliariafortese\/\" target=\"_blank\">\n\t\t\t\t\t\t<span class=\"elementor-screen-only\">Instagram<\/span>\n\t\t\t\t\t\t<i aria-hidden=\"true\" class=\"fab fa-instagram\"><\/i>\t\t\t\t\t<\/a>\n\t\t\t\t<\/span>\n\t\t\t\t\t<\/div>\n\t\t\t\t\t\t<\/div>\n\t\t\t\t<\/div>\n\t\t\t\t\t<\/div>\n\t\t\t\t<\/div>\n\t\t<div class=\"elementor-element elementor-element-1b25689 e-flex e-con-boxed e-con e-parent\" data-id=\"1b25689\" data-element_type=\"container\" data-e-type=\"container\">\n\t\t\t\t\t<div class=\"e-con-inner\">\n\t\t\t\t<div class=\"elementor-element elementor-element-c7b8e92 elementor-widget elementor-widget-bdt-static-grid-tab\" data-id=\"c7b8e92\" data-element_type=\"widget\" data-e-type=\"widget\" data-widget_type=\"bdt-static-grid-tab.default\">\n\t\t\t\t<div class=\"elementor-widget-container\">\n\t\t\t\t\t\t\t<div class=\"bdt-static-grid-tab\" data-settings=\"{&quot;grid&quot;:4,&quot;borderWidth&quot;:2,&quot;config&quot;:{&quot;layout&quot;:&quot;grid&quot;,&quot;speed&quot;:500,&quot;activeTab&quot;:&quot;&quot;,&quot;showClose&quot;:true,&quot;scrollToTab&quot;:false,&quot;rtl&quot;:false},&quot;responsive&quot;:[{&quot;breakpoint&quot;:1023,&quot;settings&quot;:{&quot;grid&quot;:&quot;3&quot;}},{&quot;breakpoint&quot;:767,&quot;settings&quot;:{&quot;grid&quot;:&quot;2&quot;}}]}\">\n\t\t\t\t\t<dl id=\"bdt-ep-static-grid-tab-c7b8e92\" class=\"gridtab\">\n\t\t\t\t\t\t\t\t\t\t<dt>\n\t\t\t\t\t\t<div class=\"bdt-ep-static-grid-tab-thumbnail\">\n\t\t\t<img decoding=\"async\" src=\"https:\/\/inmobiliariafortese.com.ar\/wp-content\/uploads\/2024\/01\/313215009_215995310761454_4337655719625212132_n-2-300x300.jpg\" alt=\"Loteo Peuma\">\n\t\t<\/div>\n\t\t\t\t\t<\/dt>\n\t\t\t<dd>\n\t\t\t\t\t\t\t<div class=\"bdt-ep-static-grid-tab-item\">\n\t\t\t\t\t\t<div class=\"bdt-ep-static-grid-tab-image\">\n\t\t\t<div class=\"bdt-ep-static-grid-tab-image-inner bdt-gt-mh bdt-cover-container\">\n\n\t\t\t\t<img fetchpriority=\"high\" decoding=\"async\" width=\"300\" height=\"300\" src=\"https:\/\/inmobiliariafortese.com.ar\/wp-content\/uploads\/2024\/01\/313215009_215995310761454_4337655719625212132_n-2-300x300.jpg\" class=\"attachment-medium size-medium\" alt=\"Loteo Peuma\" srcset=\"https:\/\/inmobiliariafortese.com.ar\/wp-content\/uploads\/2024\/01\/313215009_215995310761454_4337655719625212132_n-2-300x300.jpg 300w, https:\/\/inmobiliariafortese.com.ar\/wp-content\/uploads\/2024\/01\/313215009_215995310761454_4337655719625212132_n-2-1024x1024.jpg 1024w, https:\/\/inmobiliariafortese.com.ar\/wp-content\/uploads\/2024\/01\/313215009_215995310761454_4337655719625212132_n-2-150x150.jpg 150w, https:\/\/inmobiliariafortese.com.ar\/wp-content\/uploads\/2024\/01\/313215009_215995310761454_4337655719625212132_n-2-768x768.jpg 768w, https:\/\/inmobiliariafortese.com.ar\/wp-content\/uploads\/2024\/01\/313215009_215995310761454_4337655719625212132_n-2.jpg 1080w\" sizes=\"(max-width: 300px) 100vw, 300px\" \/>\n\t\t\t<\/div>\n\t\t<\/div>\n\t\t\t\t\t\t\t\t\t\t\t\t\t<div class=\"bdt-ep-static-grid-tab-desc\">\n\t\t\t\t\t<div class=\"bdt-post-grid-desc-inner bdt-gt-mh\">\n\t\t\t\t\t\t\t\t\t\t\t<h3\t\t\t\tclass=\"bdt-ep-static-grid-tab-main-title\">\n\t\t\t\tLoteo Peuma\t\t\t<\/h3>\n\t\t\t\t\t\t\t\t\t\t\t\t\t\t<div class=\"bdt-ep-static-grid-tab-excerpt\">\n\t\t\t\t<p>Venta de lotes de terreno, listos para escriturar! Entre calles Juan XXIII, Roca y RP41. Servicios de luz, agua corriente, cloacas, iluminaci\u00f3n p\u00fablica, alambrado perimetral, parquizaci\u00f3n en espacios comunes.<\/p><p>Amplia financiaci\u00f3n<\/p>\t\t\t<\/div>\n\t\t\t\t\t\t\t\t\t\t\t\t\t\t<div class=\"bdt-ep-static-grid-tab-readmore-wrap\">\n\t\t\t\t<a class=\"bdt-ep-static-grid-tab-readmore \" href=\"#\">\n\t\t\t\t\t\t\t\t\t\t\t\t\t\t<\/a>\n\t\t\t<\/div>\n\t\t\t\t\t\t\t\t<\/div>\n\t\t\t\t<\/div>\n\t\t\t\t\t\t<\/div>\n\t\t\t\t\t\t<\/dd>\n\t\t\t\t\t\t\t\t\t\t\t\t\t<dt>\n\t\t\t\t\t\t<div class=\"bdt-ep-static-grid-tab-thumbnail\">\n\t\t\t<img decoding=\"async\" src=\"https:\/\/inmobiliariafortese.com.ar\/wp-content\/uploads\/2024\/01\/313030873_1491403631335381_7721877143404624317_n-300x300.jpg\" alt=\"Loteo Peuma\">\n\t\t<\/div>\n\t\t\t\t\t<\/dt>\n\t\t\t<dd>\n\t\t\t\t\t\t\t<div class=\"bdt-ep-static-grid-tab-item\">\n\t\t\t\t\t\t<div class=\"bdt-ep-static-grid-tab-image\">\n\t\t\t<div class=\"bdt-ep-static-grid-tab-image-inner bdt-gt-mh bdt-cover-container\">\n\n\t\t\t\t<img decoding=\"async\" width=\"300\" height=\"300\" src=\"https:\/\/inmobiliariafortese.com.ar\/wp-content\/uploads\/2024\/01\/313030873_1491403631335381_7721877143404624317_n-300x300.jpg\" class=\"attachment-medium size-medium\" alt=\"Loteo Peuma\" srcset=\"https:\/\/inmobiliariafortese.com.ar\/wp-content\/uploads\/2024\/01\/313030873_1491403631335381_7721877143404624317_n-300x300.jpg 300w, https:\/\/inmobiliariafortese.com.ar\/wp-content\/uploads\/2024\/01\/313030873_1491403631335381_7721877143404624317_n-150x150.jpg 150w, https:\/\/inmobiliariafortese.com.ar\/wp-content\/uploads\/2024\/01\/313030873_1491403631335381_7721877143404624317_n-768x768.jpg 768w, https:\/\/inmobiliariafortese.com.ar\/wp-content\/uploads\/2024\/01\/313030873_1491403631335381_7721877143404624317_n.jpg 774w\" sizes=\"(max-width: 300px) 100vw, 300px\" \/>\n\t\t\t<\/div>\n\t\t<\/div>\n\t\t\t\t\t\t\t\t\t\t\t\t\t<div class=\"bdt-ep-static-grid-tab-desc\">\n\t\t\t\t\t<div class=\"bdt-post-grid-desc-inner bdt-gt-mh\">\n\t\t\t\t\t\t\t\t\t\t\t<h3\t\t\t\tclass=\"bdt-ep-static-grid-tab-main-title\">\n\t\t\t\tLoteo Peuma\t\t\t<\/h3>\n\t\t\t\t\t\t\t\t\t\t\t\t\t\t<div class=\"bdt-ep-static-grid-tab-excerpt\">\n\t\t\t\t<p>Venta de lotes de terreno, listos para escriturar! Entre calles Juan XXIII, Roca y RP41. Servicios de luz, agua corriente, cloacas, iluminaci\u00f3n p\u00fablica, alambrado perimetral, parquizaci\u00f3n en espacios comunes.<\/p><p>Amplia financiaci\u00f3n<\/p>\t\t\t<\/div>\n\t\t\t\t\t\t\t\t\t\t\t\t\t\t<div class=\"bdt-ep-static-grid-tab-readmore-wrap\">\n\t\t\t\t<a class=\"bdt-ep-static-grid-tab-readmore \" href=\"#\">\n\t\t\t\t\t\t\t\t\t\t\t\t\t\t<\/a>\n\t\t\t<\/div>\n\t\t\t\t\t\t\t\t<\/div>\n\t\t\t\t<\/div>\n\t\t\t\t\t\t<\/div>\n\t\t\t\t\t\t<\/dd>\n\t\t\t\t\t\t\t\t\t\t\t\t\t<dt>\n\t\t\t\t\t\t<div class=\"bdt-ep-static-grid-tab-thumbnail\">\n\t\t\t<img decoding=\"async\" src=\"https:\/\/inmobiliariafortese.com.ar\/wp-content\/uploads\/2024\/01\/312941539_1170011187270744_4232008192446491086_n-300x300.jpg\" alt=\"Loteo Peuma\">\n\t\t<\/div>\n\t\t\t\t\t<\/dt>\n\t\t\t<dd>\n\t\t\t\t\t\t\t<div class=\"bdt-ep-static-grid-tab-item\">\n\t\t\t\t\t\t<div class=\"bdt-ep-static-grid-tab-image\">\n\t\t\t<div class=\"bdt-ep-static-grid-tab-image-inner bdt-gt-mh bdt-cover-container\">\n\n\t\t\t\t<img decoding=\"async\" width=\"300\" height=\"300\" src=\"https:\/\/inmobiliariafortese.com.ar\/wp-content\/uploads\/2024\/01\/312941539_1170011187270744_4232008192446491086_n-300x300.jpg\" class=\"attachment-medium size-medium\" alt=\"Loteo Peuma\" srcset=\"https:\/\/inmobiliariafortese.com.ar\/wp-content\/uploads\/2024\/01\/312941539_1170011187270744_4232008192446491086_n-300x300.jpg 300w, https:\/\/inmobiliariafortese.com.ar\/wp-content\/uploads\/2024\/01\/312941539_1170011187270744_4232008192446491086_n-1024x1024.jpg 1024w, https:\/\/inmobiliariafortese.com.ar\/wp-content\/uploads\/2024\/01\/312941539_1170011187270744_4232008192446491086_n-150x150.jpg 150w, https:\/\/inmobiliariafortese.com.ar\/wp-content\/uploads\/2024\/01\/312941539_1170011187270744_4232008192446491086_n-768x768.jpg 768w, https:\/\/inmobiliariafortese.com.ar\/wp-content\/uploads\/2024\/01\/312941539_1170011187270744_4232008192446491086_n.jpg 1080w\" sizes=\"(max-width: 300px) 100vw, 300px\" \/>\n\t\t\t<\/div>\n\t\t<\/div>\n\t\t\t\t\t\t\t\t\t\t\t\t\t<div class=\"bdt-ep-static-grid-tab-desc\">\n\t\t\t\t\t<div class=\"bdt-post-grid-desc-inner bdt-gt-mh\">\n\t\t\t\t\t\t\t\t\t\t\t<h3\t\t\t\tclass=\"bdt-ep-static-grid-tab-main-title\">\n\t\t\t\tLoteo Peuma\t\t\t<\/h3>\n\t\t\t\t\t\t\t\t\t\t\t\t\t\t<div class=\"bdt-ep-static-grid-tab-excerpt\">\n\t\t\t\t<p>Venta de lotes de terreno, listos para escriturar! Entre calles Juan XXIII, Roca y RP41. Servicios de luz, agua corriente, cloacas, iluminaci\u00f3n p\u00fablica, alambrado perimetral, parquizaci\u00f3n en espacios comunes.<\/p><p>Amplia financiaci\u00f3n<\/p>\t\t\t<\/div>\n\t\t\t\t\t\t\t\t\t\t\t\t\t\t<div class=\"bdt-ep-static-grid-tab-readmore-wrap\">\n\t\t\t\t<a class=\"bdt-ep-static-grid-tab-readmore \" href=\"#\">\n\t\t\t\t\t\t\t\t\t\t\t\t\t\t<\/a>\n\t\t\t<\/div>\n\t\t\t\t\t\t\t\t<\/div>\n\t\t\t\t<\/div>\n\t\t\t\t\t\t<\/div>\n\t\t\t\t\t\t<\/dd>\n\t\t\t\t\t\t\t\t\t\t\t\t\t<dt>\n\t\t\t\t\t\t<div class=\"bdt-ep-static-grid-tab-thumbnail\">\n\t\t\t<img decoding=\"async\" src=\"https:\/\/inmobiliariafortese.com.ar\/wp-content\/uploads\/2024\/01\/312845144_881110966213017_1123527525604141705_n-300x300.jpg\" alt=\"Loteo Peuma\">\n\t\t<\/div>\n\t\t\t\t\t<\/dt>\n\t\t\t<dd>\n\t\t\t\t\t\t\t<div class=\"bdt-ep-static-grid-tab-item\">\n\t\t\t\t\t\t<div class=\"bdt-ep-static-grid-tab-image\">\n\t\t\t<div class=\"bdt-ep-static-grid-tab-image-inner bdt-gt-mh bdt-cover-container\">\n\n\t\t\t\t<img loading=\"lazy\" decoding=\"async\" width=\"300\" height=\"300\" src=\"https:\/\/inmobiliariafortese.com.ar\/wp-content\/uploads\/2024\/01\/312845144_881110966213017_1123527525604141705_n-300x300.jpg\" class=\"attachment-medium size-medium\" alt=\"Loteo Peuma\" srcset=\"https:\/\/inmobiliariafortese.com.ar\/wp-content\/uploads\/2024\/01\/312845144_881110966213017_1123527525604141705_n-300x300.jpg 300w, https:\/\/inmobiliariafortese.com.ar\/wp-content\/uploads\/2024\/01\/312845144_881110966213017_1123527525604141705_n-1024x1024.jpg 1024w, https:\/\/inmobiliariafortese.com.ar\/wp-content\/uploads\/2024\/01\/312845144_881110966213017_1123527525604141705_n-150x150.jpg 150w, https:\/\/inmobiliariafortese.com.ar\/wp-content\/uploads\/2024\/01\/312845144_881110966213017_1123527525604141705_n-768x768.jpg 768w, https:\/\/inmobiliariafortese.com.ar\/wp-content\/uploads\/2024\/01\/312845144_881110966213017_1123527525604141705_n.jpg 1080w\" sizes=\"(max-width: 300px) 100vw, 300px\" \/>\n\t\t\t<\/div>\n\t\t<\/div>\n\t\t\t\t\t\t\t\t\t\t\t\t\t<div class=\"bdt-ep-static-grid-tab-desc\">\n\t\t\t\t\t<div class=\"bdt-post-grid-desc-inner bdt-gt-mh\">\n\t\t\t\t\t\t\t\t\t\t\t<h3\t\t\t\tclass=\"bdt-ep-static-grid-tab-main-title\">\n\t\t\t\tLoteo Peuma\t\t\t<\/h3>\n\t\t\t\t\t\t\t\t\t\t\t\t\t\t<div class=\"bdt-ep-static-grid-tab-excerpt\">\n\t\t\t\t<p>Venta de lotes de terreno, listos para escriturar! Entre calles Juan XXIII, Roca y RP41. Servicios de luz, agua corriente, cloacas, iluminaci\u00f3n p\u00fablica, alambrado perimetral, parquizaci\u00f3n en espacios comunes.<\/p><p>Amplia financiaci\u00f3n<\/p>\t\t\t<\/div>\n\t\t\t\t\t\t\t\t\t\t\t\t\t\t<div class=\"bdt-ep-static-grid-tab-readmore-wrap\">\n\t\t\t\t<a class=\"bdt-ep-static-grid-tab-readmore \" href=\"#\">\n\t\t\t\t\t\t\t\t\t\t\t\t\t\t<\/a>\n\t\t\t<\/div>\n\t\t\t\t\t\t\t\t<\/div>\n\t\t\t\t<\/div>\n\t\t\t\t\t\t<\/div>\n\t\t\t\t\t\t<\/dd>\n\t\t\t\t\t\t\t\t<\/dl>\n\t\t<\/div>\n\t\t\t\t\t\t<\/div>\n\t\t\t\t<\/div>\n\t\t\t\t\t<\/div>\n\t\t\t\t<\/div>\n\t\t\t\t<\/div>\n\t\t","protected":false},"excerpt":{"rendered":"<p>Facebook Instagram Loteo Peuma Venta de lotes de terreno, listos para escriturar! Entre calles Juan XXIII, Roca y RP41. Servicios de luz, agua corriente, cloacas, iluminaci\u00f3n p\u00fablica, alambrado perimetral, parquizaci\u00f3n &#8230;<\/p>\n","protected":false},"author":1,"featured_media":0,"parent":0,"menu_order":0,"comment_status":"closed","ping_status":"closed","template":"","meta":{"footnotes":""},"class_list":["post-787","page","type-page","status-publish","hentry"],"_links":{"self":[{"href":"https:\/\/inmobiliariafortese.com.ar\/index.php?rest_route=\/wp\/v2\/pages\/787","targetHints":{"allow":["GET"]}}],"collection":[{"href":"https:\/\/inmobiliariafortese.com.ar\/index.php?rest_route=\/wp\/v2\/pages"}],"about":[{"href":"https:\/\/inmobiliariafortese.com.ar\/index.php?rest_route=\/wp\/v2\/types\/page"}],"author":[{"embeddable":true,"href":"https:\/\/inmobiliariafortese.com.ar\/index.php?rest_route=\/wp\/v2\/users\/1"}],"replies":[{"embeddable":true,"href":"https:\/\/inmobiliariafortese.com.ar\/index.php?rest_route=%2Fwp%2Fv2%2Fcomments&post=787"}],"version-history":[{"count":4,"href":"https:\/\/inmobiliariafortese.com.ar\/index.php?rest_route=\/wp\/v2\/pages\/787\/revisions"}],"predecessor-version":[{"id":795,"href":"https:\/\/inmobiliariafortese.com.ar\/index.php?rest_route=\/wp\/v2\/pages\/787\/revisions\/795"}],"wp:attachment":[{"href":"https:\/\/inmobiliariafortese.com.ar\/index.php?rest_route=%2Fwp%2Fv2%2Fmedia&parent=787"}],"curies":[{"name":"wp","href":"https:\/\/api.w.org\/{rel}","templated":true}]}}