{"id":760,"date":"2024-01-27T05:13:57","date_gmt":"2024-01-27T05:13:57","guid":{"rendered":"https:\/\/inmobiliariafortese.com.ar\/?page_id=760"},"modified":"2024-01-27T05:18:26","modified_gmt":"2024-01-27T05:18:26","slug":"mayo-11","status":"publish","type":"page","link":"https:\/\/inmobiliariafortese.com.ar\/?page_id=760","title":{"rendered":"Mayo 11"},"content":{"rendered":"\t\t<div data-elementor-type=\"wp-page\" data-elementor-id=\"760\" class=\"elementor elementor-760\" data-elementor-post-type=\"page\">\n\t\t\t\t<div class=\"elementor-element elementor-element-60df54d e-flex e-con-boxed e-con e-parent\" data-id=\"60df54d\" data-element_type=\"container\" data-e-type=\"container\">\n\t\t\t\t\t<div class=\"e-con-inner\">\n\t\t\t\t<div class=\"elementor-element elementor-element-e946a2d elementor-widget__width-initial elementor-fixed elementor-shape-rounded elementor-grid-0 e-grid-align-center elementor-widget elementor-widget-social-icons\" data-id=\"e946a2d\" data-element_type=\"widget\" data-e-type=\"widget\" data-settings=\"{&quot;_position&quot;:&quot;fixed&quot;}\" data-widget_type=\"social-icons.default\">\n\t\t\t\t<div class=\"elementor-widget-container\">\n\t\t\t\t\t\t\t<div class=\"elementor-social-icons-wrapper elementor-grid\" role=\"list\">\n\t\t\t\t\t\t\t<span class=\"elementor-grid-item\" role=\"listitem\">\n\t\t\t\t\t<a class=\"elementor-icon elementor-social-icon elementor-social-icon-facebook elementor-repeater-item-fcc4b6d\" href=\"https:\/\/www.facebook.com\/profile.php?id=100063475813279\" target=\"_blank\">\n\t\t\t\t\t\t<span class=\"elementor-screen-only\">Facebook<\/span>\n\t\t\t\t\t\t<i aria-hidden=\"true\" class=\"fab fa-facebook\"><\/i>\t\t\t\t\t<\/a>\n\t\t\t\t<\/span>\n\t\t\t\t\t\t\t<span class=\"elementor-grid-item\" role=\"listitem\">\n\t\t\t\t\t<a class=\"elementor-icon elementor-social-icon elementor-social-icon-instagram elementor-repeater-item-3567406\" href=\"https:\/\/www.instagram.com\/inmobiliariafortese\/\" target=\"_blank\">\n\t\t\t\t\t\t<span class=\"elementor-screen-only\">Instagram<\/span>\n\t\t\t\t\t\t<i aria-hidden=\"true\" class=\"fab fa-instagram\"><\/i>\t\t\t\t\t<\/a>\n\t\t\t\t<\/span>\n\t\t\t\t\t<\/div>\n\t\t\t\t\t\t<\/div>\n\t\t\t\t<\/div>\n\t\t\t\t\t<\/div>\n\t\t\t\t<\/div>\n\t\t<div class=\"elementor-element elementor-element-7af8251 e-flex e-con-boxed e-con e-parent\" data-id=\"7af8251\" data-element_type=\"container\" data-e-type=\"container\">\n\t\t\t\t\t<div class=\"e-con-inner\">\n\t\t\t\t<div class=\"elementor-element elementor-element-dcb74fb elementor-widget elementor-widget-bdt-static-grid-tab\" data-id=\"dcb74fb\" data-element_type=\"widget\" data-e-type=\"widget\" data-widget_type=\"bdt-static-grid-tab.default\">\n\t\t\t\t<div class=\"elementor-widget-container\">\n\t\t\t\t\t\t\t<div class=\"bdt-static-grid-tab\" data-settings=\"{&quot;grid&quot;:4,&quot;borderWidth&quot;:2,&quot;config&quot;:{&quot;layout&quot;:&quot;grid&quot;,&quot;speed&quot;:500,&quot;activeTab&quot;:&quot;&quot;,&quot;showClose&quot;:true,&quot;scrollToTab&quot;:false,&quot;rtl&quot;:false},&quot;responsive&quot;:[{&quot;breakpoint&quot;:1023,&quot;settings&quot;:{&quot;grid&quot;:&quot;3&quot;}},{&quot;breakpoint&quot;:767,&quot;settings&quot;:{&quot;grid&quot;:&quot;2&quot;}}]}\">\n\t\t\t\t\t<dl id=\"bdt-ep-static-grid-tab-dcb74fb\" class=\"gridtab\">\n\t\t\t\t\t\t\t\t\t\t<dt>\n\t\t\t\t\t\t<div class=\"bdt-ep-static-grid-tab-thumbnail\">\n\t\t\t<img decoding=\"async\" src=\"https:\/\/inmobiliariafortese.com.ar\/wp-content\/uploads\/2024\/01\/345654251_155951083913041_4058305842173019555_n-300x168.jpg\" alt=\"Barrancas frente al r\u00edo\">\n\t\t<\/div>\n\t\t\t\t\t<\/dt>\n\t\t\t<dd>\n\t\t\t\t\t\t\t<div class=\"bdt-ep-static-grid-tab-item\">\n\t\t\t\t\t\t<div class=\"bdt-ep-static-grid-tab-image\">\n\t\t\t<div class=\"bdt-ep-static-grid-tab-image-inner bdt-gt-mh bdt-cover-container\">\n\n\t\t\t\t<img fetchpriority=\"high\" decoding=\"async\" width=\"300\" height=\"168\" src=\"https:\/\/inmobiliariafortese.com.ar\/wp-content\/uploads\/2024\/01\/345654251_155951083913041_4058305842173019555_n-300x168.jpg\" class=\"attachment-medium size-medium\" alt=\"Barrancas frente al r\u00edo\" srcset=\"https:\/\/inmobiliariafortese.com.ar\/wp-content\/uploads\/2024\/01\/345654251_155951083913041_4058305842173019555_n-300x168.jpg 300w, https:\/\/inmobiliariafortese.com.ar\/wp-content\/uploads\/2024\/01\/345654251_155951083913041_4058305842173019555_n-768x431.jpg 768w, https:\/\/inmobiliariafortese.com.ar\/wp-content\/uploads\/2024\/01\/345654251_155951083913041_4058305842173019555_n.jpg 960w\" sizes=\"(max-width: 300px) 100vw, 300px\" \/>\n\t\t\t<\/div>\n\t\t<\/div>\n\t\t\t\t\t\t\t\t\t\t\t\t\t<div class=\"bdt-ep-static-grid-tab-desc\">\n\t\t\t\t\t<div class=\"bdt-post-grid-desc-inner bdt-gt-mh\">\n\t\t\t\t\t\t\t\t\t\t\t<h3\t\t\t\tclass=\"bdt-ep-static-grid-tab-main-title\">\n\t\t\t\tBarrancas frente al r\u00edo\t\t\t<\/h3>\n\t\t\t\t\t\t\t\t\t\t\t\t\t\t<div class=\"bdt-ep-static-grid-tab-excerpt\">\n\t\t\t\t<p>Casa a la venta a terminar, ubicada en barrancas frente al r\u00edo en la ciudad de baradero. La misma cuenta con la siguiente distribuci\u00f3n y superficie: construida sobre lote de terreno de 1200 mtr2, construidos 450m con posibilidad de construir un segundo piso, en su planta baja un ba\u00f1o, una habitaci\u00f3n con opci\u00f3n a construir otra, garaje para dos autos, s\u00f3tano de 3x7, pileta de nataci\u00f3n de 3x10.<\/p>\t\t\t<\/div>\n\t\t\t\t\t\t\t\t\t\t\t\t\t\t<div class=\"bdt-ep-static-grid-tab-readmore-wrap\">\n\t\t\t\t<a class=\"bdt-ep-static-grid-tab-readmore \" href=\"#\">\n\t\t\t\t\t\t\t\t\t\t\t\t\t\t<\/a>\n\t\t\t<\/div>\n\t\t\t\t\t\t\t\t<\/div>\n\t\t\t\t<\/div>\n\t\t\t\t\t\t<\/div>\n\t\t\t\t\t\t<\/dd>\n\t\t\t\t\t\t\t\t\t\t\t\t\t<dt>\n\t\t\t\t\t\t<div class=\"bdt-ep-static-grid-tab-thumbnail\">\n\t\t\t<img decoding=\"async\" src=\"https:\/\/inmobiliariafortese.com.ar\/wp-content\/uploads\/2024\/01\/346321811_2143926205818730_2550799313491714145_n-300x168.jpg\" alt=\"Barrancas frente al r\u00edo\">\n\t\t<\/div>\n\t\t\t\t\t<\/dt>\n\t\t\t<dd>\n\t\t\t\t\t\t\t<div class=\"bdt-ep-static-grid-tab-item\">\n\t\t\t\t\t\t<div class=\"bdt-ep-static-grid-tab-image\">\n\t\t\t<div class=\"bdt-ep-static-grid-tab-image-inner bdt-gt-mh bdt-cover-container\">\n\n\t\t\t\t<img decoding=\"async\" width=\"300\" height=\"168\" src=\"https:\/\/inmobiliariafortese.com.ar\/wp-content\/uploads\/2024\/01\/346321811_2143926205818730_2550799313491714145_n-300x168.jpg\" class=\"attachment-medium size-medium\" alt=\"Barrancas frente al r\u00edo\" srcset=\"https:\/\/inmobiliariafortese.com.ar\/wp-content\/uploads\/2024\/01\/346321811_2143926205818730_2550799313491714145_n-300x168.jpg 300w, https:\/\/inmobiliariafortese.com.ar\/wp-content\/uploads\/2024\/01\/346321811_2143926205818730_2550799313491714145_n-768x431.jpg 768w, https:\/\/inmobiliariafortese.com.ar\/wp-content\/uploads\/2024\/01\/346321811_2143926205818730_2550799313491714145_n.jpg 960w\" sizes=\"(max-width: 300px) 100vw, 300px\" \/>\n\t\t\t<\/div>\n\t\t<\/div>\n\t\t\t\t\t\t\t\t\t\t\t\t\t<div class=\"bdt-ep-static-grid-tab-desc\">\n\t\t\t\t\t<div class=\"bdt-post-grid-desc-inner bdt-gt-mh\">\n\t\t\t\t\t\t\t\t\t\t\t<h3\t\t\t\tclass=\"bdt-ep-static-grid-tab-main-title\">\n\t\t\t\tBarrancas frente al r\u00edo\t\t\t<\/h3>\n\t\t\t\t\t\t\t\t\t\t\t\t\t\t<div class=\"bdt-ep-static-grid-tab-excerpt\">\n\t\t\t\t<p>Casa a la venta a terminar, ubicada en barrancas frente al r\u00edo en la ciudad de baradero. La misma cuenta con la siguiente distribuci\u00f3n y superficie: construida sobre lote de terreno de 1200 mtr2, construidos 450m con posibilidad de construir un segundo piso, en su planta baja un ba\u00f1o, una habitaci\u00f3n con opci\u00f3n a construir otra, garaje para dos autos, s\u00f3tano de 3x7, pileta de nataci\u00f3n de 3x10.<\/p>\t\t\t<\/div>\n\t\t\t\t\t\t\t\t\t\t\t\t\t\t<div class=\"bdt-ep-static-grid-tab-readmore-wrap\">\n\t\t\t\t<a class=\"bdt-ep-static-grid-tab-readmore \" href=\"#\">\n\t\t\t\t\t\t\t\t\t\t\t\t\t\t<\/a>\n\t\t\t<\/div>\n\t\t\t\t\t\t\t\t<\/div>\n\t\t\t\t<\/div>\n\t\t\t\t\t\t<\/div>\n\t\t\t\t\t\t<\/dd>\n\t\t\t\t\t\t\t\t\t\t\t\t\t<dt>\n\t\t\t\t\t\t<div class=\"bdt-ep-static-grid-tab-thumbnail\">\n\t\t\t<img decoding=\"async\" src=\"https:\/\/inmobiliariafortese.com.ar\/wp-content\/uploads\/2024\/01\/wifbwuw-300x168.jpg\" alt=\"Barrancas frente al r\u00edo\">\n\t\t<\/div>\n\t\t\t\t\t<\/dt>\n\t\t\t<dd>\n\t\t\t\t\t\t\t<div class=\"bdt-ep-static-grid-tab-item\">\n\t\t\t\t\t\t<div class=\"bdt-ep-static-grid-tab-image\">\n\t\t\t<div class=\"bdt-ep-static-grid-tab-image-inner bdt-gt-mh bdt-cover-container\">\n\n\t\t\t\t<img decoding=\"async\" width=\"300\" height=\"168\" src=\"https:\/\/inmobiliariafortese.com.ar\/wp-content\/uploads\/2024\/01\/wifbwuw-300x168.jpg\" class=\"attachment-medium size-medium\" alt=\"Barrancas frente al r\u00edo\" srcset=\"https:\/\/inmobiliariafortese.com.ar\/wp-content\/uploads\/2024\/01\/wifbwuw-300x168.jpg 300w, https:\/\/inmobiliariafortese.com.ar\/wp-content\/uploads\/2024\/01\/wifbwuw-768x431.jpg 768w, https:\/\/inmobiliariafortese.com.ar\/wp-content\/uploads\/2024\/01\/wifbwuw.jpg 960w\" sizes=\"(max-width: 300px) 100vw, 300px\" \/>\n\t\t\t<\/div>\n\t\t<\/div>\n\t\t\t\t\t\t\t\t\t\t\t\t\t<div class=\"bdt-ep-static-grid-tab-desc\">\n\t\t\t\t\t<div class=\"bdt-post-grid-desc-inner bdt-gt-mh\">\n\t\t\t\t\t\t\t\t\t\t\t<h3\t\t\t\tclass=\"bdt-ep-static-grid-tab-main-title\">\n\t\t\t\tBarrancas frente al r\u00edo\t\t\t<\/h3>\n\t\t\t\t\t\t\t\t\t\t\t\t\t\t<div class=\"bdt-ep-static-grid-tab-excerpt\">\n\t\t\t\t<p>Casa a la venta a terminar, ubicada en barrancas frente al r\u00edo en la ciudad de baradero. La misma cuenta con la siguiente distribuci\u00f3n y superficie: construida sobre lote de terreno de 1200 mtr2, construidos 450m con posibilidad de construir un segundo piso, en su planta baja un ba\u00f1o, una habitaci\u00f3n con opci\u00f3n a construir otra, garaje para dos autos, s\u00f3tano de 3x7, pileta de nataci\u00f3n de 3x10.<\/p>\t\t\t<\/div>\n\t\t\t\t\t\t\t\t\t\t\t\t\t\t<div class=\"bdt-ep-static-grid-tab-readmore-wrap\">\n\t\t\t\t<a class=\"bdt-ep-static-grid-tab-readmore \" href=\"#\">\n\t\t\t\t\t\t\t\t\t\t\t\t\t\t<\/a>\n\t\t\t<\/div>\n\t\t\t\t\t\t\t\t<\/div>\n\t\t\t\t<\/div>\n\t\t\t\t\t\t<\/div>\n\t\t\t\t\t\t<\/dd>\n\t\t\t\t\t\t\t\t\t\t\t\t\t<dt>\n\t\t\t\t\t\t<div class=\"bdt-ep-static-grid-tab-thumbnail\">\n\t\t\t<img decoding=\"async\" src=\"https:\/\/inmobiliariafortese.com.ar\/wp-content\/uploads\/2024\/01\/r9yg8r9g-300x168.jpg\" alt=\"Barrancas frente al r\u00edo\">\n\t\t<\/div>\n\t\t\t\t\t<\/dt>\n\t\t\t<dd>\n\t\t\t\t\t\t\t<div class=\"bdt-ep-static-grid-tab-item\">\n\t\t\t\t\t\t<div class=\"bdt-ep-static-grid-tab-image\">\n\t\t\t<div class=\"bdt-ep-static-grid-tab-image-inner bdt-gt-mh bdt-cover-container\">\n\n\t\t\t\t<img loading=\"lazy\" decoding=\"async\" width=\"300\" height=\"168\" src=\"https:\/\/inmobiliariafortese.com.ar\/wp-content\/uploads\/2024\/01\/r9yg8r9g-300x168.jpg\" class=\"attachment-medium size-medium\" alt=\"Barrancas frente al r\u00edo\" srcset=\"https:\/\/inmobiliariafortese.com.ar\/wp-content\/uploads\/2024\/01\/r9yg8r9g-300x168.jpg 300w, https:\/\/inmobiliariafortese.com.ar\/wp-content\/uploads\/2024\/01\/r9yg8r9g-768x431.jpg 768w, https:\/\/inmobiliariafortese.com.ar\/wp-content\/uploads\/2024\/01\/r9yg8r9g.jpg 960w\" sizes=\"(max-width: 300px) 100vw, 300px\" \/>\n\t\t\t<\/div>\n\t\t<\/div>\n\t\t\t\t\t\t\t\t\t\t\t\t\t<div class=\"bdt-ep-static-grid-tab-desc\">\n\t\t\t\t\t<div class=\"bdt-post-grid-desc-inner bdt-gt-mh\">\n\t\t\t\t\t\t\t\t\t\t\t<h3\t\t\t\tclass=\"bdt-ep-static-grid-tab-main-title\">\n\t\t\t\tBarrancas frente al r\u00edo\t\t\t<\/h3>\n\t\t\t\t\t\t\t\t\t\t\t\t\t\t<div class=\"bdt-ep-static-grid-tab-excerpt\">\n\t\t\t\t<p>Casa a la venta a terminar, ubicada en barrancas frente al r\u00edo en la ciudad de baradero. La misma cuenta con la siguiente distribuci\u00f3n y superficie: construida sobre lote de terreno de 1200 mtr2, construidos 450m con posibilidad de construir un segundo piso, en su planta baja un ba\u00f1o, una habitaci\u00f3n con opci\u00f3n a construir otra, garaje para dos autos, s\u00f3tano de 3x7, pileta de nataci\u00f3n de 3x10.<\/p>\t\t\t<\/div>\n\t\t\t\t\t\t\t\t\t\t\t\t\t\t<div class=\"bdt-ep-static-grid-tab-readmore-wrap\">\n\t\t\t\t<a class=\"bdt-ep-static-grid-tab-readmore \" href=\"#\">\n\t\t\t\t\t\t\t\t\t\t\t\t\t\t<\/a>\n\t\t\t<\/div>\n\t\t\t\t\t\t\t\t<\/div>\n\t\t\t\t<\/div>\n\t\t\t\t\t\t<\/div>\n\t\t\t\t\t\t<\/dd>\n\t\t\t\t\t\t\t\t\t\t\t\t\t<dt>\n\t\t\t\t\t\t<div class=\"bdt-ep-static-grid-tab-thumbnail\">\n\t\t\t<img decoding=\"async\" src=\"https:\/\/inmobiliariafortese.com.ar\/wp-content\/uploads\/2024\/01\/345625818_922420502375518_5925496776693370062_n-300x168.jpg\" alt=\"Barrancas frente al r\u00edo\">\n\t\t<\/div>\n\t\t\t\t\t<\/dt>\n\t\t\t<dd>\n\t\t\t\t\t\t\t<div class=\"bdt-ep-static-grid-tab-item\">\n\t\t\t\t\t\t<div class=\"bdt-ep-static-grid-tab-image\">\n\t\t\t<div class=\"bdt-ep-static-grid-tab-image-inner bdt-gt-mh bdt-cover-container\">\n\n\t\t\t\t<img loading=\"lazy\" decoding=\"async\" width=\"300\" height=\"168\" src=\"https:\/\/inmobiliariafortese.com.ar\/wp-content\/uploads\/2024\/01\/345625818_922420502375518_5925496776693370062_n-300x168.jpg\" class=\"attachment-medium size-medium\" alt=\"Barrancas frente al r\u00edo\" srcset=\"https:\/\/inmobiliariafortese.com.ar\/wp-content\/uploads\/2024\/01\/345625818_922420502375518_5925496776693370062_n-300x168.jpg 300w, https:\/\/inmobiliariafortese.com.ar\/wp-content\/uploads\/2024\/01\/345625818_922420502375518_5925496776693370062_n-1024x575.jpg 1024w, https:\/\/inmobiliariafortese.com.ar\/wp-content\/uploads\/2024\/01\/345625818_922420502375518_5925496776693370062_n-768x431.jpg 768w, https:\/\/inmobiliariafortese.com.ar\/wp-content\/uploads\/2024\/01\/345625818_922420502375518_5925496776693370062_n.jpg 1040w\" sizes=\"(max-width: 300px) 100vw, 300px\" \/>\n\t\t\t<\/div>\n\t\t<\/div>\n\t\t\t\t\t\t\t\t\t\t\t\t\t<div class=\"bdt-ep-static-grid-tab-desc\">\n\t\t\t\t\t<div class=\"bdt-post-grid-desc-inner bdt-gt-mh\">\n\t\t\t\t\t\t\t\t\t\t\t<h3\t\t\t\tclass=\"bdt-ep-static-grid-tab-main-title\">\n\t\t\t\tBarrancas frente al r\u00edo\t\t\t<\/h3>\n\t\t\t\t\t\t\t\t\t\t\t\t\t\t<div class=\"bdt-ep-static-grid-tab-excerpt\">\n\t\t\t\t<p>Casa a la venta a terminar, ubicada en barrancas frente al r\u00edo en la ciudad de baradero. La misma cuenta con la siguiente distribuci\u00f3n y superficie: construida sobre lote de terreno de 1200 mtr2, construidos 450m con posibilidad de construir un segundo piso, en su planta baja un ba\u00f1o, una habitaci\u00f3n con opci\u00f3n a construir otra, garaje para dos autos, s\u00f3tano de 3x7, pileta de nataci\u00f3n de 3x10.<\/p>\t\t\t<\/div>\n\t\t\t\t\t\t\t\t\t\t\t\t\t\t<div class=\"bdt-ep-static-grid-tab-readmore-wrap\">\n\t\t\t\t<a class=\"bdt-ep-static-grid-tab-readmore \" href=\"#\">\n\t\t\t\t\t\t\t\t\t\t\t\t\t\t<\/a>\n\t\t\t<\/div>\n\t\t\t\t\t\t\t\t<\/div>\n\t\t\t\t<\/div>\n\t\t\t\t\t\t<\/div>\n\t\t\t\t\t\t<\/dd>\n\t\t\t\t\t\t\t\t\t\t\t\t\t<dt>\n\t\t\t\t\t\t<div class=\"bdt-ep-static-grid-tab-thumbnail\">\n\t\t\t<img decoding=\"async\" src=\"https:\/\/inmobiliariafortese.com.ar\/wp-content\/uploads\/2024\/01\/ofshfsh-300x168.jpg\" alt=\"Barrancas frente al r\u00edo\">\n\t\t<\/div>\n\t\t\t\t\t<\/dt>\n\t\t\t<dd>\n\t\t\t\t\t\t\t<div class=\"bdt-ep-static-grid-tab-item\">\n\t\t\t\t\t\t<div class=\"bdt-ep-static-grid-tab-image\">\n\t\t\t<div class=\"bdt-ep-static-grid-tab-image-inner bdt-gt-mh bdt-cover-container\">\n\n\t\t\t\t<img loading=\"lazy\" decoding=\"async\" width=\"300\" height=\"168\" src=\"https:\/\/inmobiliariafortese.com.ar\/wp-content\/uploads\/2024\/01\/ofshfsh-300x168.jpg\" class=\"attachment-medium size-medium\" alt=\"Barrancas frente al r\u00edo\" srcset=\"https:\/\/inmobiliariafortese.com.ar\/wp-content\/uploads\/2024\/01\/ofshfsh-300x168.jpg 300w, https:\/\/inmobiliariafortese.com.ar\/wp-content\/uploads\/2024\/01\/ofshfsh-768x431.jpg 768w, https:\/\/inmobiliariafortese.com.ar\/wp-content\/uploads\/2024\/01\/ofshfsh.jpg 960w\" sizes=\"(max-width: 300px) 100vw, 300px\" \/>\n\t\t\t<\/div>\n\t\t<\/div>\n\t\t\t\t\t\t\t\t\t\t\t\t\t<div class=\"bdt-ep-static-grid-tab-desc\">\n\t\t\t\t\t<div class=\"bdt-post-grid-desc-inner bdt-gt-mh\">\n\t\t\t\t\t\t\t\t\t\t\t<h3\t\t\t\tclass=\"bdt-ep-static-grid-tab-main-title\">\n\t\t\t\tBarrancas frente al r\u00edo\t\t\t<\/h3>\n\t\t\t\t\t\t\t\t\t\t\t\t\t\t<div class=\"bdt-ep-static-grid-tab-excerpt\">\n\t\t\t\t<p>Casa a la venta a terminar, ubicada en barrancas frente al r\u00edo en la ciudad de baradero. La misma cuenta con la siguiente distribuci\u00f3n y superficie: construida sobre lote de terreno de 1200 mtr2, construidos 450m con posibilidad de construir un segundo piso, en su planta baja un ba\u00f1o, una habitaci\u00f3n con opci\u00f3n a construir otra, garaje para dos autos, s\u00f3tano de 3x7, pileta de nataci\u00f3n de 3x10.<\/p>\t\t\t<\/div>\n\t\t\t\t\t\t\t\t\t\t\t\t\t\t<div class=\"bdt-ep-static-grid-tab-readmore-wrap\">\n\t\t\t\t<a class=\"bdt-ep-static-grid-tab-readmore \" href=\"#\">\n\t\t\t\t\t\t\t\t\t\t\t\t\t\t<\/a>\n\t\t\t<\/div>\n\t\t\t\t\t\t\t\t<\/div>\n\t\t\t\t<\/div>\n\t\t\t\t\t\t<\/div>\n\t\t\t\t\t\t<\/dd>\n\t\t\t\t\t\t\t\t\t\t\t\t\t<dt>\n\t\t\t\t\t\t<div class=\"bdt-ep-static-grid-tab-thumbnail\">\n\t\t\t<img decoding=\"async\" src=\"https:\/\/inmobiliariafortese.com.ar\/wp-content\/uploads\/2024\/01\/345859269_1280677832845973_8723071702842773488_n-2-300x168.jpg\" alt=\"Barrancas frente al r\u00edo\">\n\t\t<\/div>\n\t\t\t\t\t<\/dt>\n\t\t\t<dd>\n\t\t\t\t\t\t\t<div class=\"bdt-ep-static-grid-tab-item\">\n\t\t\t\t\t\t<div class=\"bdt-ep-static-grid-tab-image\">\n\t\t\t<div class=\"bdt-ep-static-grid-tab-image-inner bdt-gt-mh bdt-cover-container\">\n\n\t\t\t\t<img loading=\"lazy\" decoding=\"async\" width=\"300\" height=\"168\" src=\"https:\/\/inmobiliariafortese.com.ar\/wp-content\/uploads\/2024\/01\/345859269_1280677832845973_8723071702842773488_n-2-300x168.jpg\" class=\"attachment-medium size-medium\" alt=\"Barrancas frente al r\u00edo\" srcset=\"https:\/\/inmobiliariafortese.com.ar\/wp-content\/uploads\/2024\/01\/345859269_1280677832845973_8723071702842773488_n-2-300x168.jpg 300w, https:\/\/inmobiliariafortese.com.ar\/wp-content\/uploads\/2024\/01\/345859269_1280677832845973_8723071702842773488_n-2-768x431.jpg 768w, https:\/\/inmobiliariafortese.com.ar\/wp-content\/uploads\/2024\/01\/345859269_1280677832845973_8723071702842773488_n-2.jpg 960w\" sizes=\"(max-width: 300px) 100vw, 300px\" \/>\n\t\t\t<\/div>\n\t\t<\/div>\n\t\t\t\t\t\t\t\t\t\t\t\t\t<div class=\"bdt-ep-static-grid-tab-desc\">\n\t\t\t\t\t<div class=\"bdt-post-grid-desc-inner bdt-gt-mh\">\n\t\t\t\t\t\t\t\t\t\t\t<h3\t\t\t\tclass=\"bdt-ep-static-grid-tab-main-title\">\n\t\t\t\tBarrancas frente al r\u00edo\t\t\t<\/h3>\n\t\t\t\t\t\t\t\t\t\t\t\t\t\t<div class=\"bdt-ep-static-grid-tab-excerpt\">\n\t\t\t\t<p>Casa a la venta a terminar, ubicada en barrancas frente al r\u00edo en la ciudad de baradero. La misma cuenta con la siguiente distribuci\u00f3n y superficie: construida sobre lote de terreno de 1200 mtr2, construidos 450m con posibilidad de construir un segundo piso, en su planta baja un ba\u00f1o, una habitaci\u00f3n con opci\u00f3n a construir otra, garaje para dos autos, s\u00f3tano de 3x7, pileta de nataci\u00f3n de 3x10.<\/p>\t\t\t<\/div>\n\t\t\t\t\t\t\t\t\t\t\t\t\t\t<div class=\"bdt-ep-static-grid-tab-readmore-wrap\">\n\t\t\t\t<a class=\"bdt-ep-static-grid-tab-readmore \" href=\"#\">\n\t\t\t\t\t\t\t\t\t\t\t\t\t\t<\/a>\n\t\t\t<\/div>\n\t\t\t\t\t\t\t\t<\/div>\n\t\t\t\t<\/div>\n\t\t\t\t\t\t<\/div>\n\t\t\t\t\t\t<\/dd>\n\t\t\t\t\t\t\t\t\t\t\t\t\t<dt>\n\t\t\t\t\t\t<div class=\"bdt-ep-static-grid-tab-thumbnail\">\n\t\t\t<img decoding=\"async\" src=\"https:\/\/inmobiliariafortese.com.ar\/wp-content\/uploads\/2024\/01\/345223261_1410967643066091_3424777462431565077_n-300x168.jpg\" alt=\"Barrancas frente al r\u00edo\">\n\t\t<\/div>\n\t\t\t\t\t<\/dt>\n\t\t\t<dd>\n\t\t\t\t\t\t\t<div class=\"bdt-ep-static-grid-tab-item\">\n\t\t\t\t\t\t<div class=\"bdt-ep-static-grid-tab-image\">\n\t\t\t<div class=\"bdt-ep-static-grid-tab-image-inner bdt-gt-mh bdt-cover-container\">\n\n\t\t\t\t<img loading=\"lazy\" decoding=\"async\" width=\"300\" height=\"168\" src=\"https:\/\/inmobiliariafortese.com.ar\/wp-content\/uploads\/2024\/01\/345223261_1410967643066091_3424777462431565077_n-300x168.jpg\" class=\"attachment-medium size-medium\" alt=\"Barrancas frente al r\u00edo\" srcset=\"https:\/\/inmobiliariafortese.com.ar\/wp-content\/uploads\/2024\/01\/345223261_1410967643066091_3424777462431565077_n-300x168.jpg 300w, https:\/\/inmobiliariafortese.com.ar\/wp-content\/uploads\/2024\/01\/345223261_1410967643066091_3424777462431565077_n-768x431.jpg 768w, https:\/\/inmobiliariafortese.com.ar\/wp-content\/uploads\/2024\/01\/345223261_1410967643066091_3424777462431565077_n.jpg 960w\" sizes=\"(max-width: 300px) 100vw, 300px\" \/>\n\t\t\t<\/div>\n\t\t<\/div>\n\t\t\t\t\t\t\t\t\t\t\t\t\t<div class=\"bdt-ep-static-grid-tab-desc\">\n\t\t\t\t\t<div class=\"bdt-post-grid-desc-inner bdt-gt-mh\">\n\t\t\t\t\t\t\t\t\t\t\t<h3\t\t\t\tclass=\"bdt-ep-static-grid-tab-main-title\">\n\t\t\t\tBarrancas frente al r\u00edo\t\t\t<\/h3>\n\t\t\t\t\t\t\t\t\t\t\t\t\t\t<div class=\"bdt-ep-static-grid-tab-excerpt\">\n\t\t\t\t<p>Casa a la venta a terminar, ubicada en barrancas frente al r\u00edo en la ciudad de baradero. La misma cuenta con la siguiente distribuci\u00f3n y superficie: construida sobre lote de terreno de 1200 mtr2, construidos 450m con posibilidad de construir un segundo piso, en su planta baja un ba\u00f1o, una habitaci\u00f3n con opci\u00f3n a construir otra, garaje para dos autos, s\u00f3tano de 3x7, pileta de nataci\u00f3n de 3x10.<\/p>\t\t\t<\/div>\n\t\t\t\t\t\t\t\t\t\t\t\t\t\t<div class=\"bdt-ep-static-grid-tab-readmore-wrap\">\n\t\t\t\t<a class=\"bdt-ep-static-grid-tab-readmore \" href=\"#\">\n\t\t\t\t\t\t\t\t\t\t\t\t\t\t<\/a>\n\t\t\t<\/div>\n\t\t\t\t\t\t\t\t<\/div>\n\t\t\t\t<\/div>\n\t\t\t\t\t\t<\/div>\n\t\t\t\t\t\t<\/dd>\n\t\t\t\t\t\t\t\t<\/dl>\n\t\t<\/div>\n\t\t\t\t\t\t<\/div>\n\t\t\t\t<\/div>\n\t\t\t\t\t<\/div>\n\t\t\t\t<\/div>\n\t\t\t\t<\/div>\n\t\t","protected":false},"excerpt":{"rendered":"<p>Facebook Instagram Barrancas frente al r\u00edo Casa a la venta a terminar, ubicada en barrancas frente al r\u00edo en la ciudad de baradero. La misma cuenta con la siguiente distribuci\u00f3n &#8230;<\/p>\n","protected":false},"author":1,"featured_media":0,"parent":0,"menu_order":0,"comment_status":"closed","ping_status":"closed","template":"","meta":{"footnotes":""},"class_list":["post-760","page","type-page","status-publish","hentry"],"_links":{"self":[{"href":"https:\/\/inmobiliariafortese.com.ar\/index.php?rest_route=\/wp\/v2\/pages\/760","targetHints":{"allow":["GET"]}}],"collection":[{"href":"https:\/\/inmobiliariafortese.com.ar\/index.php?rest_route=\/wp\/v2\/pages"}],"about":[{"href":"https:\/\/inmobiliariafortese.com.ar\/index.php?rest_route=\/wp\/v2\/types\/page"}],"author":[{"embeddable":true,"href":"https:\/\/inmobiliariafortese.com.ar\/index.php?rest_route=\/wp\/v2\/users\/1"}],"replies":[{"embeddable":true,"href":"https:\/\/inmobiliariafortese.com.ar\/index.php?rest_route=%2Fwp%2Fv2%2Fcomments&post=760"}],"version-history":[{"count":4,"href":"https:\/\/inmobiliariafortese.com.ar\/index.php?rest_route=\/wp\/v2\/pages\/760\/revisions"}],"predecessor-version":[{"id":775,"href":"https:\/\/inmobiliariafortese.com.ar\/index.php?rest_route=\/wp\/v2\/pages\/760\/revisions\/775"}],"wp:attachment":[{"href":"https:\/\/inmobiliariafortese.com.ar\/index.php?rest_route=%2Fwp%2Fv2%2Fmedia&parent=760"}],"curies":[{"name":"wp","href":"https:\/\/api.w.org\/{rel}","templated":true}]}}