{"id":606,"date":"2024-01-25T03:50:16","date_gmt":"2024-01-25T03:50:16","guid":{"rendered":"https:\/\/inmobiliariafortese.com.ar\/?page_id=606"},"modified":"2024-01-25T03:55:06","modified_gmt":"2024-01-25T03:55:06","slug":"corazon-colonia-suiza","status":"publish","type":"page","link":"https:\/\/inmobiliariafortese.com.ar\/?page_id=606","title":{"rendered":"Corazon colonia suiza"},"content":{"rendered":"\t\t<div data-elementor-type=\"wp-page\" data-elementor-id=\"606\" class=\"elementor elementor-606\" data-elementor-post-type=\"page\">\n\t\t\t\t<div class=\"elementor-element elementor-element-805e1d0 e-flex e-con-boxed e-con e-parent\" data-id=\"805e1d0\" data-element_type=\"container\" data-e-type=\"container\">\n\t\t\t\t\t<div class=\"e-con-inner\">\n\t\t\t\t<div class=\"elementor-element elementor-element-1708e93 elementor-widget__width-initial elementor-fixed elementor-shape-rounded elementor-grid-0 e-grid-align-center elementor-widget elementor-widget-social-icons\" data-id=\"1708e93\" data-element_type=\"widget\" data-e-type=\"widget\" data-settings=\"{&quot;_position&quot;:&quot;fixed&quot;}\" data-widget_type=\"social-icons.default\">\n\t\t\t\t<div class=\"elementor-widget-container\">\n\t\t\t\t\t\t\t<div class=\"elementor-social-icons-wrapper elementor-grid\" role=\"list\">\n\t\t\t\t\t\t\t<span class=\"elementor-grid-item\" role=\"listitem\">\n\t\t\t\t\t<a class=\"elementor-icon elementor-social-icon elementor-social-icon-facebook elementor-repeater-item-fcc4b6d\" href=\"https:\/\/www.facebook.com\/profile.php?id=100063475813279\" target=\"_blank\">\n\t\t\t\t\t\t<span class=\"elementor-screen-only\">Facebook<\/span>\n\t\t\t\t\t\t<i aria-hidden=\"true\" class=\"fab fa-facebook\"><\/i>\t\t\t\t\t<\/a>\n\t\t\t\t<\/span>\n\t\t\t\t\t\t\t<span class=\"elementor-grid-item\" role=\"listitem\">\n\t\t\t\t\t<a class=\"elementor-icon elementor-social-icon elementor-social-icon-instagram elementor-repeater-item-3567406\" href=\"https:\/\/www.instagram.com\/inmobiliariafortese\/\" target=\"_blank\">\n\t\t\t\t\t\t<span class=\"elementor-screen-only\">Instagram<\/span>\n\t\t\t\t\t\t<i aria-hidden=\"true\" class=\"fab fa-instagram\"><\/i>\t\t\t\t\t<\/a>\n\t\t\t\t<\/span>\n\t\t\t\t\t<\/div>\n\t\t\t\t\t\t<\/div>\n\t\t\t\t<\/div>\n\t\t\t\t\t<\/div>\n\t\t\t\t<\/div>\n\t\t<div class=\"elementor-element elementor-element-859ad22 e-flex e-con-boxed e-con e-parent\" data-id=\"859ad22\" data-element_type=\"container\" data-e-type=\"container\">\n\t\t\t\t\t<div class=\"e-con-inner\">\n\t\t\t\t<div class=\"elementor-element elementor-element-bda7bfc elementor-widget elementor-widget-bdt-static-grid-tab\" data-id=\"bda7bfc\" data-element_type=\"widget\" data-e-type=\"widget\" data-widget_type=\"bdt-static-grid-tab.default\">\n\t\t\t\t<div class=\"elementor-widget-container\">\n\t\t\t\t\t\t\t<div class=\"bdt-static-grid-tab\" data-settings=\"{&quot;grid&quot;:4,&quot;borderWidth&quot;:2,&quot;config&quot;:{&quot;layout&quot;:&quot;grid&quot;,&quot;speed&quot;:500,&quot;activeTab&quot;:&quot;&quot;,&quot;showClose&quot;:true,&quot;scrollToTab&quot;:false,&quot;rtl&quot;:false},&quot;responsive&quot;:[{&quot;breakpoint&quot;:1023,&quot;settings&quot;:{&quot;grid&quot;:&quot;3&quot;}},{&quot;breakpoint&quot;:767,&quot;settings&quot;:{&quot;grid&quot;:&quot;2&quot;}}]}\">\n\t\t\t\t\t<dl id=\"bdt-ep-static-grid-tab-bda7bfc\" class=\"gridtab\">\n\t\t\t\t\t\t\t\t\t\t<dt>\n\t\t\t\t\t\t<div class=\"bdt-ep-static-grid-tab-thumbnail\">\n\t\t\t<img decoding=\"async\" src=\"https:\/\/inmobiliariafortese.com.ar\/wp-content\/uploads\/2024\/01\/329819833_583448953268271_7660248049891063235_n-1-300x300.jpg\" alt=\"Coraz\u00f3n de la colonia suiza\">\n\t\t<\/div>\n\t\t\t\t\t<\/dt>\n\t\t\t<dd>\n\t\t\t\t\t\t\t<div class=\"bdt-ep-static-grid-tab-item\">\n\t\t\t\t\t\t<div class=\"bdt-ep-static-grid-tab-image\">\n\t\t\t<div class=\"bdt-ep-static-grid-tab-image-inner bdt-gt-mh bdt-cover-container\">\n\n\t\t\t\t<img fetchpriority=\"high\" decoding=\"async\" width=\"300\" height=\"300\" src=\"https:\/\/inmobiliariafortese.com.ar\/wp-content\/uploads\/2024\/01\/329819833_583448953268271_7660248049891063235_n-1-300x300.jpg\" class=\"attachment-medium size-medium\" alt=\"Coraz\u00f3n de la colonia suiza\" srcset=\"https:\/\/inmobiliariafortese.com.ar\/wp-content\/uploads\/2024\/01\/329819833_583448953268271_7660248049891063235_n-1-300x300.jpg 300w, https:\/\/inmobiliariafortese.com.ar\/wp-content\/uploads\/2024\/01\/329819833_583448953268271_7660248049891063235_n-1-150x150.jpg 150w, https:\/\/inmobiliariafortese.com.ar\/wp-content\/uploads\/2024\/01\/329819833_583448953268271_7660248049891063235_n-1-768x768.jpg 768w, https:\/\/inmobiliariafortese.com.ar\/wp-content\/uploads\/2024\/01\/329819833_583448953268271_7660248049891063235_n-1.jpg 810w\" sizes=\"(max-width: 300px) 100vw, 300px\" \/>\n\t\t\t<\/div>\n\t\t<\/div>\n\t\t\t\t\t\t\t\t\t\t\t\t\t<div class=\"bdt-ep-static-grid-tab-desc\">\n\t\t\t\t\t<div class=\"bdt-post-grid-desc-inner bdt-gt-mh\">\n\t\t\t\t\t\t\t\t\t\t\t<h3\t\t\t\tclass=\"bdt-ep-static-grid-tab-main-title\">\n\t\t\t\tCoraz\u00f3n de la colonia suiza\t\t\t<\/h3>\n\t\t\t\t\t\t\t\t\t\t\t\t\t\t<div class=\"bdt-ep-static-grid-tab-excerpt\">\n\t\t\t\t<p>chacra de 18 hect\u00e1reas en el coraz\u00f3n de la colonia Suiza.<br \/>Casa principal de 392 metros cuadrados cubiertos y semicubiertos, galp\u00f3n nuevo de 275 metros cuadrados y cochera para 6 autos. 3 hect\u00e1reas de parque con piscina. Quincho, gimnasio con sala de relax, ba\u00f1o y sauna e hidromasajes.<br \/>Casa de casero de 90 metros cuadrados, con 3 dormitorios.<\/p>\t\t\t<\/div>\n\t\t\t\t\t\t\t\t\t\t\t\t\t\t<div class=\"bdt-ep-static-grid-tab-readmore-wrap\">\n\t\t\t\t<a class=\"bdt-ep-static-grid-tab-readmore \" href=\"#\">\n\t\t\t\t\t\t\t\t\t\t\t\t\t\t<\/a>\n\t\t\t<\/div>\n\t\t\t\t\t\t\t\t<\/div>\n\t\t\t\t<\/div>\n\t\t\t\t\t\t<\/div>\n\t\t\t\t\t\t<\/dd>\n\t\t\t\t\t\t\t\t\t\t\t\t\t<dt>\n\t\t\t\t\t\t<div class=\"bdt-ep-static-grid-tab-thumbnail\">\n\t\t\t<img decoding=\"async\" src=\"https:\/\/inmobiliariafortese.com.ar\/wp-content\/uploads\/2024\/01\/328853393_207976198452017_6659338182889311147_n-300x300.jpg\" alt=\"Coraz\u00f3n de la colonia suiza\">\n\t\t<\/div>\n\t\t\t\t\t<\/dt>\n\t\t\t<dd>\n\t\t\t\t\t\t\t<div class=\"bdt-ep-static-grid-tab-item\">\n\t\t\t\t\t\t<div class=\"bdt-ep-static-grid-tab-image\">\n\t\t\t<div class=\"bdt-ep-static-grid-tab-image-inner bdt-gt-mh bdt-cover-container\">\n\n\t\t\t\t<img decoding=\"async\" width=\"300\" height=\"300\" src=\"https:\/\/inmobiliariafortese.com.ar\/wp-content\/uploads\/2024\/01\/328853393_207976198452017_6659338182889311147_n-300x300.jpg\" class=\"attachment-medium size-medium\" alt=\"Coraz\u00f3n de la colonia suiza\" srcset=\"https:\/\/inmobiliariafortese.com.ar\/wp-content\/uploads\/2024\/01\/328853393_207976198452017_6659338182889311147_n-300x300.jpg 300w, https:\/\/inmobiliariafortese.com.ar\/wp-content\/uploads\/2024\/01\/328853393_207976198452017_6659338182889311147_n-150x150.jpg 150w, https:\/\/inmobiliariafortese.com.ar\/wp-content\/uploads\/2024\/01\/328853393_207976198452017_6659338182889311147_n-768x768.jpg 768w, https:\/\/inmobiliariafortese.com.ar\/wp-content\/uploads\/2024\/01\/328853393_207976198452017_6659338182889311147_n.jpg 810w\" sizes=\"(max-width: 300px) 100vw, 300px\" \/>\n\t\t\t<\/div>\n\t\t<\/div>\n\t\t\t\t\t\t\t\t\t\t\t\t\t<div class=\"bdt-ep-static-grid-tab-desc\">\n\t\t\t\t\t<div class=\"bdt-post-grid-desc-inner bdt-gt-mh\">\n\t\t\t\t\t\t\t\t\t\t\t<h3\t\t\t\tclass=\"bdt-ep-static-grid-tab-main-title\">\n\t\t\t\tCoraz\u00f3n de la colonia suiza\t\t\t<\/h3>\n\t\t\t\t\t\t\t\t\t\t\t\t\t\t<div class=\"bdt-ep-static-grid-tab-excerpt\">\n\t\t\t\t<p>chacra de 18 hect\u00e1reas en el coraz\u00f3n de la colonia Suiza.<br \/>Casa principal de 392 metros cuadrados cubiertos y semicubiertos, galp\u00f3n nuevo de 275 metros cuadrados y cochera para 6 autos. 3 hect\u00e1reas de parque con piscina. Quincho, gimnasio con sala de relax, ba\u00f1o y sauna e hidromasajes.<br \/>Casa de casero de 90 metros cuadrados, con 3 dormitorios.<\/p>\t\t\t<\/div>\n\t\t\t\t\t\t\t\t\t\t\t\t\t\t<div class=\"bdt-ep-static-grid-tab-readmore-wrap\">\n\t\t\t\t<a class=\"bdt-ep-static-grid-tab-readmore \" href=\"#\">\n\t\t\t\t\t\t\t\t\t\t\t\t\t\t<\/a>\n\t\t\t<\/div>\n\t\t\t\t\t\t\t\t<\/div>\n\t\t\t\t<\/div>\n\t\t\t\t\t\t<\/div>\n\t\t\t\t\t\t<\/dd>\n\t\t\t\t\t\t\t\t\t\t\t\t\t<dt>\n\t\t\t\t\t\t<div class=\"bdt-ep-static-grid-tab-thumbnail\">\n\t\t\t<img decoding=\"async\" src=\"https:\/\/inmobiliariafortese.com.ar\/wp-content\/uploads\/2024\/01\/329228894_220798313640308_1876722725016843477_n-300x300.jpg\" alt=\"Coraz\u00f3n de la colonia suiza\">\n\t\t<\/div>\n\t\t\t\t\t<\/dt>\n\t\t\t<dd>\n\t\t\t\t\t\t\t<div class=\"bdt-ep-static-grid-tab-item\">\n\t\t\t\t\t\t<div class=\"bdt-ep-static-grid-tab-image\">\n\t\t\t<div class=\"bdt-ep-static-grid-tab-image-inner bdt-gt-mh bdt-cover-container\">\n\n\t\t\t\t<img decoding=\"async\" width=\"300\" height=\"300\" src=\"https:\/\/inmobiliariafortese.com.ar\/wp-content\/uploads\/2024\/01\/329228894_220798313640308_1876722725016843477_n-300x300.jpg\" class=\"attachment-medium size-medium\" alt=\"Coraz\u00f3n de la colonia suiza\" srcset=\"https:\/\/inmobiliariafortese.com.ar\/wp-content\/uploads\/2024\/01\/329228894_220798313640308_1876722725016843477_n-300x300.jpg 300w, https:\/\/inmobiliariafortese.com.ar\/wp-content\/uploads\/2024\/01\/329228894_220798313640308_1876722725016843477_n-150x150.jpg 150w, https:\/\/inmobiliariafortese.com.ar\/wp-content\/uploads\/2024\/01\/329228894_220798313640308_1876722725016843477_n-768x768.jpg 768w, https:\/\/inmobiliariafortese.com.ar\/wp-content\/uploads\/2024\/01\/329228894_220798313640308_1876722725016843477_n.jpg 810w\" sizes=\"(max-width: 300px) 100vw, 300px\" \/>\n\t\t\t<\/div>\n\t\t<\/div>\n\t\t\t\t\t\t\t\t\t\t\t\t\t<div class=\"bdt-ep-static-grid-tab-desc\">\n\t\t\t\t\t<div class=\"bdt-post-grid-desc-inner bdt-gt-mh\">\n\t\t\t\t\t\t\t\t\t\t\t<h3\t\t\t\tclass=\"bdt-ep-static-grid-tab-main-title\">\n\t\t\t\tCoraz\u00f3n de la colonia suiza\t\t\t<\/h3>\n\t\t\t\t\t\t\t\t\t\t\t\t\t\t<div class=\"bdt-ep-static-grid-tab-excerpt\">\n\t\t\t\t<p>chacra de 18 hect\u00e1reas en el coraz\u00f3n de la colonia Suiza.<br \/>Casa principal de 392 metros cuadrados cubiertos y semicubiertos, galp\u00f3n nuevo de 275 metros cuadrados y cochera para 6 autos. 3 hect\u00e1reas de parque con piscina. Quincho, gimnasio con sala de relax, ba\u00f1o y sauna e hidromasajes.<br \/>Casa de casero de 90 metros cuadrados, con 3 dormitorios.<\/p>\t\t\t<\/div>\n\t\t\t\t\t\t\t\t\t\t\t\t\t\t<div class=\"bdt-ep-static-grid-tab-readmore-wrap\">\n\t\t\t\t<a class=\"bdt-ep-static-grid-tab-readmore \" href=\"#\">\n\t\t\t\t\t\t\t\t\t\t\t\t\t\t<\/a>\n\t\t\t<\/div>\n\t\t\t\t\t\t\t\t<\/div>\n\t\t\t\t<\/div>\n\t\t\t\t\t\t<\/div>\n\t\t\t\t\t\t<\/dd>\n\t\t\t\t\t\t\t\t\t\t\t\t\t<dt>\n\t\t\t\t\t\t<div class=\"bdt-ep-static-grid-tab-thumbnail\">\n\t\t\t<img decoding=\"async\" src=\"https:\/\/inmobiliariafortese.com.ar\/wp-content\/uploads\/2024\/01\/329244796_713161733615959_6367323771280875246_n-300x300.jpg\" alt=\"Coraz\u00f3n de la colonia suiza\">\n\t\t<\/div>\n\t\t\t\t\t<\/dt>\n\t\t\t<dd>\n\t\t\t\t\t\t\t<div class=\"bdt-ep-static-grid-tab-item\">\n\t\t\t\t\t\t<div class=\"bdt-ep-static-grid-tab-image\">\n\t\t\t<div class=\"bdt-ep-static-grid-tab-image-inner bdt-gt-mh bdt-cover-container\">\n\n\t\t\t\t<img loading=\"lazy\" decoding=\"async\" width=\"300\" height=\"300\" src=\"https:\/\/inmobiliariafortese.com.ar\/wp-content\/uploads\/2024\/01\/329244796_713161733615959_6367323771280875246_n-300x300.jpg\" class=\"attachment-medium size-medium\" alt=\"Coraz\u00f3n de la colonia suiza\" srcset=\"https:\/\/inmobiliariafortese.com.ar\/wp-content\/uploads\/2024\/01\/329244796_713161733615959_6367323771280875246_n-300x300.jpg 300w, https:\/\/inmobiliariafortese.com.ar\/wp-content\/uploads\/2024\/01\/329244796_713161733615959_6367323771280875246_n-150x150.jpg 150w, https:\/\/inmobiliariafortese.com.ar\/wp-content\/uploads\/2024\/01\/329244796_713161733615959_6367323771280875246_n-768x768.jpg 768w, https:\/\/inmobiliariafortese.com.ar\/wp-content\/uploads\/2024\/01\/329244796_713161733615959_6367323771280875246_n.jpg 810w\" sizes=\"(max-width: 300px) 100vw, 300px\" \/>\n\t\t\t<\/div>\n\t\t<\/div>\n\t\t\t\t\t\t\t\t\t\t\t\t\t<div class=\"bdt-ep-static-grid-tab-desc\">\n\t\t\t\t\t<div class=\"bdt-post-grid-desc-inner bdt-gt-mh\">\n\t\t\t\t\t\t\t\t\t\t\t<h3\t\t\t\tclass=\"bdt-ep-static-grid-tab-main-title\">\n\t\t\t\tCoraz\u00f3n de la colonia suiza\t\t\t<\/h3>\n\t\t\t\t\t\t\t\t\t\t\t\t\t\t<div class=\"bdt-ep-static-grid-tab-excerpt\">\n\t\t\t\t<p>chacra de 18 hect\u00e1reas en el coraz\u00f3n de la colonia Suiza.<br \/>Casa principal de 392 metros cuadrados cubiertos y semicubiertos, galp\u00f3n nuevo de 275 metros cuadrados y cochera para 6 autos. 3 hect\u00e1reas de parque con piscina. Quincho, gimnasio con sala de relax, ba\u00f1o y sauna e hidromasajes.<br \/>Casa de casero de 90 metros cuadrados, con 3 dormitorios.<\/p>\t\t\t<\/div>\n\t\t\t\t\t\t\t\t\t\t\t\t\t\t<div class=\"bdt-ep-static-grid-tab-readmore-wrap\">\n\t\t\t\t<a class=\"bdt-ep-static-grid-tab-readmore \" href=\"#\">\n\t\t\t\t\t\t\t\t\t\t\t\t\t\t<\/a>\n\t\t\t<\/div>\n\t\t\t\t\t\t\t\t<\/div>\n\t\t\t\t<\/div>\n\t\t\t\t\t\t<\/div>\n\t\t\t\t\t\t<\/dd>\n\t\t\t\t\t\t\t\t\t\t\t\t\t<dt>\n\t\t\t\t\t\t<div class=\"bdt-ep-static-grid-tab-thumbnail\">\n\t\t\t<img decoding=\"async\" src=\"https:\/\/inmobiliariafortese.com.ar\/wp-content\/uploads\/2024\/01\/329415300_1351326652310110_7840002640964686531_n-300x300.jpg\" alt=\"Coraz\u00f3n de la colonia suiza\">\n\t\t<\/div>\n\t\t\t\t\t<\/dt>\n\t\t\t<dd>\n\t\t\t\t\t\t\t<div class=\"bdt-ep-static-grid-tab-item\">\n\t\t\t\t\t\t<div class=\"bdt-ep-static-grid-tab-image\">\n\t\t\t<div class=\"bdt-ep-static-grid-tab-image-inner bdt-gt-mh bdt-cover-container\">\n\n\t\t\t\t<img loading=\"lazy\" decoding=\"async\" width=\"300\" height=\"300\" src=\"https:\/\/inmobiliariafortese.com.ar\/wp-content\/uploads\/2024\/01\/329415300_1351326652310110_7840002640964686531_n-300x300.jpg\" class=\"attachment-medium size-medium\" alt=\"Coraz\u00f3n de la colonia suiza\" srcset=\"https:\/\/inmobiliariafortese.com.ar\/wp-content\/uploads\/2024\/01\/329415300_1351326652310110_7840002640964686531_n-300x300.jpg 300w, https:\/\/inmobiliariafortese.com.ar\/wp-content\/uploads\/2024\/01\/329415300_1351326652310110_7840002640964686531_n-150x150.jpg 150w, https:\/\/inmobiliariafortese.com.ar\/wp-content\/uploads\/2024\/01\/329415300_1351326652310110_7840002640964686531_n.jpg 608w\" sizes=\"(max-width: 300px) 100vw, 300px\" \/>\n\t\t\t<\/div>\n\t\t<\/div>\n\t\t\t\t\t\t\t\t\t\t\t\t\t<div class=\"bdt-ep-static-grid-tab-desc\">\n\t\t\t\t\t<div class=\"bdt-post-grid-desc-inner bdt-gt-mh\">\n\t\t\t\t\t\t\t\t\t\t\t<h3\t\t\t\tclass=\"bdt-ep-static-grid-tab-main-title\">\n\t\t\t\tCoraz\u00f3n de la colonia suiza\t\t\t<\/h3>\n\t\t\t\t\t\t\t\t\t\t\t\t\t\t<div class=\"bdt-ep-static-grid-tab-excerpt\">\n\t\t\t\t<p>chacra de 18 hect\u00e1reas en el coraz\u00f3n de la colonia Suiza.<br \/>Casa principal de 392 metros cuadrados cubiertos y semicubiertos, galp\u00f3n nuevo de 275 metros cuadrados y cochera para 6 autos. 3 hect\u00e1reas de parque con piscina. Quincho, gimnasio con sala de relax, ba\u00f1o y sauna e hidromasajes.<br \/>Casa de casero de 90 metros cuadrados, con 3 dormitorios.<\/p>\t\t\t<\/div>\n\t\t\t\t\t\t\t\t\t\t\t\t\t\t<div class=\"bdt-ep-static-grid-tab-readmore-wrap\">\n\t\t\t\t<a class=\"bdt-ep-static-grid-tab-readmore \" href=\"#\">\n\t\t\t\t\t\t\t\t\t\t\t\t\t\t<\/a>\n\t\t\t<\/div>\n\t\t\t\t\t\t\t\t<\/div>\n\t\t\t\t<\/div>\n\t\t\t\t\t\t<\/div>\n\t\t\t\t\t\t<\/dd>\n\t\t\t\t\t\t\t\t\t\t\t\t\t<dt>\n\t\t\t\t\t\t<div class=\"bdt-ep-static-grid-tab-thumbnail\">\n\t\t\t<img decoding=\"async\" src=\"https:\/\/inmobiliariafortese.com.ar\/wp-content\/uploads\/2024\/01\/329615255_201947959097317_7246813915260224303_n-300x300.jpg\" alt=\"Coraz\u00f3n de la colonia suiza\">\n\t\t<\/div>\n\t\t\t\t\t<\/dt>\n\t\t\t<dd>\n\t\t\t\t\t\t\t<div class=\"bdt-ep-static-grid-tab-item\">\n\t\t\t\t\t\t<div class=\"bdt-ep-static-grid-tab-image\">\n\t\t\t<div class=\"bdt-ep-static-grid-tab-image-inner bdt-gt-mh bdt-cover-container\">\n\n\t\t\t\t<img loading=\"lazy\" decoding=\"async\" width=\"300\" height=\"300\" src=\"https:\/\/inmobiliariafortese.com.ar\/wp-content\/uploads\/2024\/01\/329615255_201947959097317_7246813915260224303_n-300x300.jpg\" class=\"attachment-medium size-medium\" alt=\"Coraz\u00f3n de la colonia suiza\" srcset=\"https:\/\/inmobiliariafortese.com.ar\/wp-content\/uploads\/2024\/01\/329615255_201947959097317_7246813915260224303_n-300x300.jpg 300w, https:\/\/inmobiliariafortese.com.ar\/wp-content\/uploads\/2024\/01\/329615255_201947959097317_7246813915260224303_n-150x150.jpg 150w, https:\/\/inmobiliariafortese.com.ar\/wp-content\/uploads\/2024\/01\/329615255_201947959097317_7246813915260224303_n-768x768.jpg 768w, https:\/\/inmobiliariafortese.com.ar\/wp-content\/uploads\/2024\/01\/329615255_201947959097317_7246813915260224303_n.jpg 810w\" sizes=\"(max-width: 300px) 100vw, 300px\" \/>\n\t\t\t<\/div>\n\t\t<\/div>\n\t\t\t\t\t\t\t\t\t\t\t\t\t<div class=\"bdt-ep-static-grid-tab-desc\">\n\t\t\t\t\t<div class=\"bdt-post-grid-desc-inner bdt-gt-mh\">\n\t\t\t\t\t\t\t\t\t\t\t<h3\t\t\t\tclass=\"bdt-ep-static-grid-tab-main-title\">\n\t\t\t\tCoraz\u00f3n de la colonia suiza\t\t\t<\/h3>\n\t\t\t\t\t\t\t\t\t\t\t\t\t\t<div class=\"bdt-ep-static-grid-tab-excerpt\">\n\t\t\t\t<p>chacra de 18 hect\u00e1reas en el coraz\u00f3n de la colonia Suiza.<br \/>Casa principal de 392 metros cuadrados cubiertos y semicubiertos, galp\u00f3n nuevo de 275 metros cuadrados y cochera para 6 autos. 3 hect\u00e1reas de parque con piscina. Quincho, gimnasio con sala de relax, ba\u00f1o y sauna e hidromasajes.<br \/>Casa de casero de 90 metros cuadrados, con 3 dormitorios.<\/p>\t\t\t<\/div>\n\t\t\t\t\t\t\t\t\t\t\t\t\t\t<div class=\"bdt-ep-static-grid-tab-readmore-wrap\">\n\t\t\t\t<a class=\"bdt-ep-static-grid-tab-readmore \" href=\"#\">\n\t\t\t\t\t\t\t\t\t\t\t\t\t\t<\/a>\n\t\t\t<\/div>\n\t\t\t\t\t\t\t\t<\/div>\n\t\t\t\t<\/div>\n\t\t\t\t\t\t<\/div>\n\t\t\t\t\t\t<\/dd>\n\t\t\t\t\t\t\t\t\t\t\t\t\t<dt>\n\t\t\t\t\t\t<div class=\"bdt-ep-static-grid-tab-thumbnail\">\n\t\t\t<img decoding=\"async\" src=\"https:\/\/inmobiliariafortese.com.ar\/wp-content\/uploads\/2024\/01\/329728820_873581333755199_7439921222561254265_n-300x300.jpg\" alt=\"Coraz\u00f3n de la colonia suiza\">\n\t\t<\/div>\n\t\t\t\t\t<\/dt>\n\t\t\t<dd>\n\t\t\t\t\t\t\t<div class=\"bdt-ep-static-grid-tab-item\">\n\t\t\t\t\t\t<div class=\"bdt-ep-static-grid-tab-image\">\n\t\t\t<div class=\"bdt-ep-static-grid-tab-image-inner bdt-gt-mh bdt-cover-container\">\n\n\t\t\t\t<img loading=\"lazy\" decoding=\"async\" width=\"300\" height=\"300\" src=\"https:\/\/inmobiliariafortese.com.ar\/wp-content\/uploads\/2024\/01\/329728820_873581333755199_7439921222561254265_n-300x300.jpg\" class=\"attachment-medium size-medium\" alt=\"Coraz\u00f3n de la colonia suiza\" srcset=\"https:\/\/inmobiliariafortese.com.ar\/wp-content\/uploads\/2024\/01\/329728820_873581333755199_7439921222561254265_n-300x300.jpg 300w, https:\/\/inmobiliariafortese.com.ar\/wp-content\/uploads\/2024\/01\/329728820_873581333755199_7439921222561254265_n-150x150.jpg 150w, https:\/\/inmobiliariafortese.com.ar\/wp-content\/uploads\/2024\/01\/329728820_873581333755199_7439921222561254265_n-768x768.jpg 768w, https:\/\/inmobiliariafortese.com.ar\/wp-content\/uploads\/2024\/01\/329728820_873581333755199_7439921222561254265_n.jpg 810w\" sizes=\"(max-width: 300px) 100vw, 300px\" \/>\n\t\t\t<\/div>\n\t\t<\/div>\n\t\t\t\t\t\t\t\t\t\t\t\t\t<div class=\"bdt-ep-static-grid-tab-desc\">\n\t\t\t\t\t<div class=\"bdt-post-grid-desc-inner bdt-gt-mh\">\n\t\t\t\t\t\t\t\t\t\t\t<h3\t\t\t\tclass=\"bdt-ep-static-grid-tab-main-title\">\n\t\t\t\tCoraz\u00f3n de la colonia suiza\t\t\t<\/h3>\n\t\t\t\t\t\t\t\t\t\t\t\t\t\t<div class=\"bdt-ep-static-grid-tab-excerpt\">\n\t\t\t\t<p>chacra de 18 hect\u00e1reas en el coraz\u00f3n de la colonia Suiza.<br \/>Casa principal de 392 metros cuadrados cubiertos y semicubiertos, galp\u00f3n nuevo de 275 metros cuadrados y cochera para 6 autos. 3 hect\u00e1reas de parque con piscina. Quincho, gimnasio con sala de relax, ba\u00f1o y sauna e hidromasajes.<br \/>Casa de casero de 90 metros cuadrados, con 3 dormitorios.<\/p>\t\t\t<\/div>\n\t\t\t\t\t\t\t\t\t\t\t\t\t\t<div class=\"bdt-ep-static-grid-tab-readmore-wrap\">\n\t\t\t\t<a class=\"bdt-ep-static-grid-tab-readmore \" href=\"#\">\n\t\t\t\t\t\t\t\t\t\t\t\t\t\t<\/a>\n\t\t\t<\/div>\n\t\t\t\t\t\t\t\t<\/div>\n\t\t\t\t<\/div>\n\t\t\t\t\t\t<\/div>\n\t\t\t\t\t\t<\/dd>\n\t\t\t\t\t\t\t\t\t\t\t\t\t<dt>\n\t\t\t\t\t\t<div class=\"bdt-ep-static-grid-tab-thumbnail\">\n\t\t\t<img decoding=\"async\" src=\"https:\/\/inmobiliariafortese.com.ar\/wp-content\/uploads\/2024\/01\/329876693_102702069391618_2330021555926236900_n-300x300.jpg\" alt=\"Coraz\u00f3n de la colonia suiza\">\n\t\t<\/div>\n\t\t\t\t\t<\/dt>\n\t\t\t<dd>\n\t\t\t\t\t\t\t<div class=\"bdt-ep-static-grid-tab-item\">\n\t\t\t\t\t\t<div class=\"bdt-ep-static-grid-tab-image\">\n\t\t\t<div class=\"bdt-ep-static-grid-tab-image-inner bdt-gt-mh bdt-cover-container\">\n\n\t\t\t\t<img loading=\"lazy\" decoding=\"async\" width=\"300\" height=\"300\" src=\"https:\/\/inmobiliariafortese.com.ar\/wp-content\/uploads\/2024\/01\/329876693_102702069391618_2330021555926236900_n-300x300.jpg\" class=\"attachment-medium size-medium\" alt=\"Coraz\u00f3n de la colonia suiza\" srcset=\"https:\/\/inmobiliariafortese.com.ar\/wp-content\/uploads\/2024\/01\/329876693_102702069391618_2330021555926236900_n-300x300.jpg 300w, https:\/\/inmobiliariafortese.com.ar\/wp-content\/uploads\/2024\/01\/329876693_102702069391618_2330021555926236900_n-150x150.jpg 150w, https:\/\/inmobiliariafortese.com.ar\/wp-content\/uploads\/2024\/01\/329876693_102702069391618_2330021555926236900_n-768x768.jpg 768w, https:\/\/inmobiliariafortese.com.ar\/wp-content\/uploads\/2024\/01\/329876693_102702069391618_2330021555926236900_n.jpg 810w\" sizes=\"(max-width: 300px) 100vw, 300px\" \/>\n\t\t\t<\/div>\n\t\t<\/div>\n\t\t\t\t\t\t\t\t\t\t\t\t\t<div class=\"bdt-ep-static-grid-tab-desc\">\n\t\t\t\t\t<div class=\"bdt-post-grid-desc-inner bdt-gt-mh\">\n\t\t\t\t\t\t\t\t\t\t\t<h3\t\t\t\tclass=\"bdt-ep-static-grid-tab-main-title\">\n\t\t\t\tCoraz\u00f3n de la colonia suiza\t\t\t<\/h3>\n\t\t\t\t\t\t\t\t\t\t\t\t\t\t<div class=\"bdt-ep-static-grid-tab-excerpt\">\n\t\t\t\t<p>chacra de 18 hect\u00e1reas en el coraz\u00f3n de la colonia Suiza.<br \/>Casa principal de 392 metros cuadrados cubiertos y semicubiertos, galp\u00f3n nuevo de 275 metros cuadrados y cochera para 6 autos. 3 hect\u00e1reas de parque con piscina. Quincho, gimnasio con sala de relax, ba\u00f1o y sauna e hidromasajes.<br \/>Casa de casero de 90 metros cuadrados, con 3 dormitorios.<\/p>\t\t\t<\/div>\n\t\t\t\t\t\t\t\t\t\t\t\t\t\t<div class=\"bdt-ep-static-grid-tab-readmore-wrap\">\n\t\t\t\t<a class=\"bdt-ep-static-grid-tab-readmore \" href=\"#\">\n\t\t\t\t\t\t\t\t\t\t\t\t\t\t<\/a>\n\t\t\t<\/div>\n\t\t\t\t\t\t\t\t<\/div>\n\t\t\t\t<\/div>\n\t\t\t\t\t\t<\/div>\n\t\t\t\t\t\t<\/dd>\n\t\t\t\t\t\t\t\t<\/dl>\n\t\t<\/div>\n\t\t\t\t\t\t<\/div>\n\t\t\t\t<\/div>\n\t\t\t\t\t<\/div>\n\t\t\t\t<\/div>\n\t\t\t\t<\/div>\n\t\t","protected":false},"excerpt":{"rendered":"<p>Facebook Instagram Coraz\u00f3n de la colonia suiza chacra de 18 hect\u00e1reas en el coraz\u00f3n de la colonia Suiza.Casa principal de 392 metros cuadrados cubiertos y semicubiertos, galp\u00f3n nuevo de 275 &#8230;<\/p>\n","protected":false},"author":1,"featured_media":0,"parent":0,"menu_order":0,"comment_status":"closed","ping_status":"closed","template":"","meta":{"footnotes":""},"class_list":["post-606","page","type-page","status-publish","hentry"],"_links":{"self":[{"href":"https:\/\/inmobiliariafortese.com.ar\/index.php?rest_route=\/wp\/v2\/pages\/606","targetHints":{"allow":["GET"]}}],"collection":[{"href":"https:\/\/inmobiliariafortese.com.ar\/index.php?rest_route=\/wp\/v2\/pages"}],"about":[{"href":"https:\/\/inmobiliariafortese.com.ar\/index.php?rest_route=\/wp\/v2\/types\/page"}],"author":[{"embeddable":true,"href":"https:\/\/inmobiliariafortese.com.ar\/index.php?rest_route=\/wp\/v2\/users\/1"}],"replies":[{"embeddable":true,"href":"https:\/\/inmobiliariafortese.com.ar\/index.php?rest_route=%2Fwp%2Fv2%2Fcomments&post=606"}],"version-history":[{"count":4,"href":"https:\/\/inmobiliariafortese.com.ar\/index.php?rest_route=\/wp\/v2\/pages\/606\/revisions"}],"predecessor-version":[{"id":618,"href":"https:\/\/inmobiliariafortese.com.ar\/index.php?rest_route=\/wp\/v2\/pages\/606\/revisions\/618"}],"wp:attachment":[{"href":"https:\/\/inmobiliariafortese.com.ar\/index.php?rest_route=%2Fwp%2Fv2%2Fmedia&parent=606"}],"curies":[{"name":"wp","href":"https:\/\/api.w.org\/{rel}","templated":true}]}}