{"id":1362,"date":"2024-02-26T23:00:58","date_gmt":"2024-02-26T23:00:58","guid":{"rendered":"https:\/\/inmobiliariafortese.com.ar\/?page_id=1362"},"modified":"2024-02-27T11:17:03","modified_gmt":"2024-02-27T11:17:03","slug":"callejas","status":"publish","type":"page","link":"https:\/\/inmobiliariafortese.com.ar\/?page_id=1362","title":{"rendered":"Callejas"},"content":{"rendered":"\t\t<div data-elementor-type=\"wp-page\" data-elementor-id=\"1362\" class=\"elementor elementor-1362\" data-elementor-post-type=\"page\">\n\t\t\t\t<div class=\"elementor-element elementor-element-ab74d95 e-flex e-con-boxed e-con e-parent\" data-id=\"ab74d95\" data-element_type=\"container\" data-e-type=\"container\">\n\t\t\t\t\t<div class=\"e-con-inner\">\n\t\t\t\t<div class=\"elementor-element elementor-element-ae76571 elementor-widget__width-initial elementor-fixed elementor-shape-rounded elementor-grid-0 e-grid-align-center elementor-widget elementor-widget-social-icons\" data-id=\"ae76571\" data-element_type=\"widget\" data-e-type=\"widget\" data-settings=\"{&quot;_position&quot;:&quot;fixed&quot;}\" data-widget_type=\"social-icons.default\">\n\t\t\t\t<div class=\"elementor-widget-container\">\n\t\t\t\t\t\t\t<div class=\"elementor-social-icons-wrapper elementor-grid\" role=\"list\">\n\t\t\t\t\t\t\t<span class=\"elementor-grid-item\" role=\"listitem\">\n\t\t\t\t\t<a class=\"elementor-icon elementor-social-icon elementor-social-icon-facebook elementor-repeater-item-fcc4b6d\" href=\"https:\/\/www.facebook.com\/profile.php?id=100063475813279\" target=\"_blank\">\n\t\t\t\t\t\t<span class=\"elementor-screen-only\">Facebook<\/span>\n\t\t\t\t\t\t<i aria-hidden=\"true\" class=\"fab fa-facebook\"><\/i>\t\t\t\t\t<\/a>\n\t\t\t\t<\/span>\n\t\t\t\t\t\t\t<span class=\"elementor-grid-item\" role=\"listitem\">\n\t\t\t\t\t<a class=\"elementor-icon elementor-social-icon elementor-social-icon-instagram elementor-repeater-item-3567406\" href=\"https:\/\/www.instagram.com\/inmobiliariafortese\/\" target=\"_blank\">\n\t\t\t\t\t\t<span class=\"elementor-screen-only\">Instagram<\/span>\n\t\t\t\t\t\t<i aria-hidden=\"true\" class=\"fab fa-instagram\"><\/i>\t\t\t\t\t<\/a>\n\t\t\t\t<\/span>\n\t\t\t\t\t<\/div>\n\t\t\t\t\t\t<\/div>\n\t\t\t\t<\/div>\n\t\t\t\t\t<\/div>\n\t\t\t\t<\/div>\n\t\t<div class=\"elementor-element elementor-element-346bd87 e-flex e-con-boxed e-con e-parent\" data-id=\"346bd87\" data-element_type=\"container\" data-e-type=\"container\">\n\t\t\t\t\t<div class=\"e-con-inner\">\n\t\t\t\t<div class=\"elementor-element elementor-element-7228ef2 elementor-widget elementor-widget-bdt-static-grid-tab\" data-id=\"7228ef2\" data-element_type=\"widget\" data-e-type=\"widget\" data-widget_type=\"bdt-static-grid-tab.default\">\n\t\t\t\t<div class=\"elementor-widget-container\">\n\t\t\t\t\t\t\t<div class=\"bdt-static-grid-tab\" data-settings=\"{&quot;grid&quot;:4,&quot;borderWidth&quot;:2,&quot;config&quot;:{&quot;layout&quot;:&quot;grid&quot;,&quot;speed&quot;:500,&quot;activeTab&quot;:&quot;&quot;,&quot;showClose&quot;:true,&quot;scrollToTab&quot;:false,&quot;rtl&quot;:false},&quot;responsive&quot;:[{&quot;breakpoint&quot;:1023,&quot;settings&quot;:{&quot;grid&quot;:&quot;3&quot;}},{&quot;breakpoint&quot;:767,&quot;settings&quot;:{&quot;grid&quot;:&quot;2&quot;}}]}\">\n\t\t\t\t\t<dl id=\"bdt-ep-static-grid-tab-7228ef2\" class=\"gridtab\">\n\t\t\t\t\t\t\t\t\t\t<dt>\n\t\t\t\t\t\t<div class=\"bdt-ep-static-grid-tab-thumbnail\">\n\t\t\t<img decoding=\"async\" src=\"https:\/\/inmobiliariafortese.com.ar\/wp-content\/uploads\/2024\/02\/callejas1-300x300.jpg\" alt=\"Casa a la venta\">\n\t\t<\/div>\n\t\t\t\t\t<\/dt>\n\t\t\t<dd>\n\t\t\t\t\t\t\t<div class=\"bdt-ep-static-grid-tab-item\">\n\t\t\t\t\t\t<div class=\"bdt-ep-static-grid-tab-image\">\n\t\t\t<div class=\"bdt-ep-static-grid-tab-image-inner bdt-gt-mh bdt-cover-container\">\n\n\t\t\t\t<img fetchpriority=\"high\" decoding=\"async\" width=\"300\" height=\"300\" src=\"https:\/\/inmobiliariafortese.com.ar\/wp-content\/uploads\/2024\/02\/callejas1-300x300.jpg\" class=\"attachment-medium size-medium\" alt=\"Casa a la venta\" srcset=\"https:\/\/inmobiliariafortese.com.ar\/wp-content\/uploads\/2024\/02\/callejas1-300x300.jpg 300w, https:\/\/inmobiliariafortese.com.ar\/wp-content\/uploads\/2024\/02\/callejas1-1024x1024.jpg 1024w, https:\/\/inmobiliariafortese.com.ar\/wp-content\/uploads\/2024\/02\/callejas1-150x150.jpg 150w, https:\/\/inmobiliariafortese.com.ar\/wp-content\/uploads\/2024\/02\/callejas1-768x768.jpg 768w, https:\/\/inmobiliariafortese.com.ar\/wp-content\/uploads\/2024\/02\/callejas1.jpg 1080w\" sizes=\"(max-width: 300px) 100vw, 300px\" \/>\n\t\t\t<\/div>\n\t\t<\/div>\n\t\t\t\t\t\t\t\t\t\t\t\t\t<div class=\"bdt-ep-static-grid-tab-desc\">\n\t\t\t\t\t<div class=\"bdt-post-grid-desc-inner bdt-gt-mh\">\n\t\t\t\t\t\t\t\t\t\t\t<h3\t\t\t\tclass=\"bdt-ep-static-grid-tab-main-title\">\n\t\t\t\tCasa a la venta\t\t\t<\/h3>\n\t\t\t\t\t\t\t\t\t\t\t\t\t\t<div class=\"bdt-ep-static-grid-tab-excerpt\">\n\t\t\t\t<p>\u00a0Calle callejas 937, posee un terreno de 23.50 en su frente por 50 metros de fondo, metros construidos : 120 metros cubiertos y unos 50 metros semicubiertos aproximadamente, distribuci\u00f3n de ambientes; cocina , living comedor amplio, tres dormitorios , un ba\u00f1o, lavadero, pileta de nataci\u00f3n, terreno forestado.<\/p>\t\t\t<\/div>\n\t\t\t\t\t\t\t\t\t\t\t\t\t\t<div class=\"bdt-ep-static-grid-tab-readmore-wrap\">\n\t\t\t\t<a class=\"bdt-ep-static-grid-tab-readmore \" href=\"#\">\n\t\t\t\t\t\t\t\t\t\t\t\t\t\t<\/a>\n\t\t\t<\/div>\n\t\t\t\t\t\t\t\t<\/div>\n\t\t\t\t<\/div>\n\t\t\t\t\t\t<\/div>\n\t\t\t\t\t\t<\/dd>\n\t\t\t\t\t\t\t\t\t\t\t\t\t<dt>\n\t\t\t\t\t\t<div class=\"bdt-ep-static-grid-tab-thumbnail\">\n\t\t\t<img decoding=\"async\" src=\"https:\/\/inmobiliariafortese.com.ar\/wp-content\/uploads\/2024\/02\/callejas2-300x300.jpg\" alt=\"Casa a la venta\">\n\t\t<\/div>\n\t\t\t\t\t<\/dt>\n\t\t\t<dd>\n\t\t\t\t\t\t\t<div class=\"bdt-ep-static-grid-tab-item\">\n\t\t\t\t\t\t<div class=\"bdt-ep-static-grid-tab-image\">\n\t\t\t<div class=\"bdt-ep-static-grid-tab-image-inner bdt-gt-mh bdt-cover-container\">\n\n\t\t\t\t<img decoding=\"async\" width=\"300\" height=\"300\" src=\"https:\/\/inmobiliariafortese.com.ar\/wp-content\/uploads\/2024\/02\/callejas2-300x300.jpg\" class=\"attachment-medium size-medium\" alt=\"Casa a la venta\" srcset=\"https:\/\/inmobiliariafortese.com.ar\/wp-content\/uploads\/2024\/02\/callejas2-300x300.jpg 300w, https:\/\/inmobiliariafortese.com.ar\/wp-content\/uploads\/2024\/02\/callejas2-1024x1024.jpg 1024w, https:\/\/inmobiliariafortese.com.ar\/wp-content\/uploads\/2024\/02\/callejas2-150x150.jpg 150w, https:\/\/inmobiliariafortese.com.ar\/wp-content\/uploads\/2024\/02\/callejas2-768x768.jpg 768w, https:\/\/inmobiliariafortese.com.ar\/wp-content\/uploads\/2024\/02\/callejas2.jpg 1080w\" sizes=\"(max-width: 300px) 100vw, 300px\" \/>\n\t\t\t<\/div>\n\t\t<\/div>\n\t\t\t\t\t\t\t\t\t\t\t\t\t<div class=\"bdt-ep-static-grid-tab-desc\">\n\t\t\t\t\t<div class=\"bdt-post-grid-desc-inner bdt-gt-mh\">\n\t\t\t\t\t\t\t\t\t\t\t<h3\t\t\t\tclass=\"bdt-ep-static-grid-tab-main-title\">\n\t\t\t\tCasa a la venta\t\t\t<\/h3>\n\t\t\t\t\t\t\t\t\t\t\t\t\t\t<div class=\"bdt-ep-static-grid-tab-excerpt\">\n\t\t\t\t<div class=\"_a9zs\"><p class=\"_ap3a _aaco _aacu _aacx _aad7 _aade\" dir=\"auto\">Calle callejas 937, posee un terreno de 23.50 en su frente por 50 metros de fondo, metros construidos : 120 metros cubiertos y unos 50 metros semicubiertos aproximadamente, distribuci\u00f3n de ambientes; cocina , living comedor amplio, tres dormitorios , un ba\u00f1o, lavadero, pileta de nataci\u00f3n, terreno forestado.<\/p><\/div><div class=\"x9f619 xjbqb8w x78zum5 x168nmei x13lgxp2 x5pf9jr xo71vjh x1xmf6yo x12nagc x1n2onr6 x1plvlek xryxfnj x1c4vz4f x2lah0s xdt5ytf xqjyukv x1qjc9v5 x1oa3qoh x1nhvcw1\">\u00a0<\/div>\t\t\t<\/div>\n\t\t\t\t\t\t\t\t\t\t\t\t\t\t<div class=\"bdt-ep-static-grid-tab-readmore-wrap\">\n\t\t\t\t<a class=\"bdt-ep-static-grid-tab-readmore \" href=\"#\">\n\t\t\t\t\t\t\t\t\t\t\t\t\t\t<\/a>\n\t\t\t<\/div>\n\t\t\t\t\t\t\t\t<\/div>\n\t\t\t\t<\/div>\n\t\t\t\t\t\t<\/div>\n\t\t\t\t\t\t<\/dd>\n\t\t\t\t\t\t\t\t\t\t\t\t\t<dt>\n\t\t\t\t\t\t<div class=\"bdt-ep-static-grid-tab-thumbnail\">\n\t\t\t<img decoding=\"async\" src=\"https:\/\/inmobiliariafortese.com.ar\/wp-content\/uploads\/2024\/02\/callejas7-300x300.jpg\" alt=\"Casa a la venta\">\n\t\t<\/div>\n\t\t\t\t\t<\/dt>\n\t\t\t<dd>\n\t\t\t\t\t\t\t<div class=\"bdt-ep-static-grid-tab-item\">\n\t\t\t\t\t\t<div class=\"bdt-ep-static-grid-tab-image\">\n\t\t\t<div class=\"bdt-ep-static-grid-tab-image-inner bdt-gt-mh bdt-cover-container\">\n\n\t\t\t\t<img decoding=\"async\" width=\"300\" height=\"300\" src=\"https:\/\/inmobiliariafortese.com.ar\/wp-content\/uploads\/2024\/02\/callejas7-300x300.jpg\" class=\"attachment-medium size-medium\" alt=\"Casa a la venta\" srcset=\"https:\/\/inmobiliariafortese.com.ar\/wp-content\/uploads\/2024\/02\/callejas7-300x300.jpg 300w, https:\/\/inmobiliariafortese.com.ar\/wp-content\/uploads\/2024\/02\/callejas7-1024x1024.jpg 1024w, https:\/\/inmobiliariafortese.com.ar\/wp-content\/uploads\/2024\/02\/callejas7-150x150.jpg 150w, https:\/\/inmobiliariafortese.com.ar\/wp-content\/uploads\/2024\/02\/callejas7-768x768.jpg 768w, https:\/\/inmobiliariafortese.com.ar\/wp-content\/uploads\/2024\/02\/callejas7.jpg 1080w\" sizes=\"(max-width: 300px) 100vw, 300px\" \/>\n\t\t\t<\/div>\n\t\t<\/div>\n\t\t\t\t\t\t\t\t\t\t\t\t\t<div class=\"bdt-ep-static-grid-tab-desc\">\n\t\t\t\t\t<div class=\"bdt-post-grid-desc-inner bdt-gt-mh\">\n\t\t\t\t\t\t\t\t\t\t\t<h3\t\t\t\tclass=\"bdt-ep-static-grid-tab-main-title\">\n\t\t\t\tCasa a la venta\t\t\t<\/h3>\n\t\t\t\t\t\t\t\t\t\t\t\t\t\t<div class=\"bdt-ep-static-grid-tab-excerpt\">\n\t\t\t\t<div class=\"_a9zs\"><p class=\"_ap3a _aaco _aacu _aacx _aad7 _aade\" dir=\"auto\">Calle callejas 937, posee un terreno de 23.50 en su frente por 50 metros de fondo, metros construidos : 120 metros cubiertos y unos 50 metros semicubiertos aproximadamente, distribuci\u00f3n de ambientes; cocina , living comedor amplio, tres dormitorios , un ba\u00f1o, lavadero, pileta de nataci\u00f3n, terreno forestado.<\/p><\/div><div class=\"x9f619 xjbqb8w x78zum5 x168nmei x13lgxp2 x5pf9jr xo71vjh x1xmf6yo x12nagc x1n2onr6 x1plvlek xryxfnj x1c4vz4f x2lah0s xdt5ytf xqjyukv x1qjc9v5 x1oa3qoh x1nhvcw1\">\u00a0<\/div>\t\t\t<\/div>\n\t\t\t\t\t\t\t\t\t\t\t\t\t\t<div class=\"bdt-ep-static-grid-tab-readmore-wrap\">\n\t\t\t\t<a class=\"bdt-ep-static-grid-tab-readmore \" href=\"#\">\n\t\t\t\t\t\t\t\t\t\t\t\t\t\t<\/a>\n\t\t\t<\/div>\n\t\t\t\t\t\t\t\t<\/div>\n\t\t\t\t<\/div>\n\t\t\t\t\t\t<\/div>\n\t\t\t\t\t\t<\/dd>\n\t\t\t\t\t\t\t\t\t\t\t\t\t<dt>\n\t\t\t\t\t\t<div class=\"bdt-ep-static-grid-tab-thumbnail\">\n\t\t\t<img decoding=\"async\" src=\"https:\/\/inmobiliariafortese.com.ar\/wp-content\/uploads\/2024\/02\/callejas10-300x300.jpg\" alt=\"Casa a la venta\">\n\t\t<\/div>\n\t\t\t\t\t<\/dt>\n\t\t\t<dd>\n\t\t\t\t\t\t\t<div class=\"bdt-ep-static-grid-tab-item\">\n\t\t\t\t\t\t<div class=\"bdt-ep-static-grid-tab-image\">\n\t\t\t<div class=\"bdt-ep-static-grid-tab-image-inner bdt-gt-mh bdt-cover-container\">\n\n\t\t\t\t<img loading=\"lazy\" decoding=\"async\" width=\"300\" height=\"300\" src=\"https:\/\/inmobiliariafortese.com.ar\/wp-content\/uploads\/2024\/02\/callejas10-300x300.jpg\" class=\"attachment-medium size-medium\" alt=\"Casa a la venta\" srcset=\"https:\/\/inmobiliariafortese.com.ar\/wp-content\/uploads\/2024\/02\/callejas10-300x300.jpg 300w, https:\/\/inmobiliariafortese.com.ar\/wp-content\/uploads\/2024\/02\/callejas10-1024x1024.jpg 1024w, https:\/\/inmobiliariafortese.com.ar\/wp-content\/uploads\/2024\/02\/callejas10-150x150.jpg 150w, https:\/\/inmobiliariafortese.com.ar\/wp-content\/uploads\/2024\/02\/callejas10-768x768.jpg 768w, https:\/\/inmobiliariafortese.com.ar\/wp-content\/uploads\/2024\/02\/callejas10.jpg 1080w\" sizes=\"(max-width: 300px) 100vw, 300px\" \/>\n\t\t\t<\/div>\n\t\t<\/div>\n\t\t\t\t\t\t\t\t\t\t\t\t\t<div class=\"bdt-ep-static-grid-tab-desc\">\n\t\t\t\t\t<div class=\"bdt-post-grid-desc-inner bdt-gt-mh\">\n\t\t\t\t\t\t\t\t\t\t\t<h3\t\t\t\tclass=\"bdt-ep-static-grid-tab-main-title\">\n\t\t\t\tCasa a la venta\t\t\t<\/h3>\n\t\t\t\t\t\t\t\t\t\t\t\t\t\t<div class=\"bdt-ep-static-grid-tab-excerpt\">\n\t\t\t\t<div class=\"_a9zs\"><p class=\"_ap3a _aaco _aacu _aacx _aad7 _aade\" dir=\"auto\">Calle callejas 937, posee un terreno de 23.50 en su frente por 50 metros de fondo, metros construidos : 120 metros cubiertos y unos 50 metros semicubiertos aproximadamente, distribuci\u00f3n de ambientes; cocina , living comedor amplio, tres dormitorios , un ba\u00f1o, lavadero, pileta de nataci\u00f3n, terreno forestado.<\/p><\/div><div class=\"x9f619 xjbqb8w x78zum5 x168nmei x13lgxp2 x5pf9jr xo71vjh x1xmf6yo x12nagc x1n2onr6 x1plvlek xryxfnj x1c4vz4f x2lah0s xdt5ytf xqjyukv x1qjc9v5 x1oa3qoh x1nhvcw1\">\u00a0<\/div>\t\t\t<\/div>\n\t\t\t\t\t\t\t\t\t\t\t\t\t\t<div class=\"bdt-ep-static-grid-tab-readmore-wrap\">\n\t\t\t\t<a class=\"bdt-ep-static-grid-tab-readmore \" href=\"#\">\n\t\t\t\t\t\t\t\t\t\t\t\t\t\t<\/a>\n\t\t\t<\/div>\n\t\t\t\t\t\t\t\t<\/div>\n\t\t\t\t<\/div>\n\t\t\t\t\t\t<\/div>\n\t\t\t\t\t\t<\/dd>\n\t\t\t\t\t\t\t\t\t\t\t\t\t<dt>\n\t\t\t\t\t\t<div class=\"bdt-ep-static-grid-tab-thumbnail\">\n\t\t\t<img decoding=\"async\" src=\"https:\/\/inmobiliariafortese.com.ar\/wp-content\/uploads\/2024\/02\/callejas9-300x300.jpg\" alt=\"Casa a la venta\">\n\t\t<\/div>\n\t\t\t\t\t<\/dt>\n\t\t\t<dd>\n\t\t\t\t\t\t\t<div class=\"bdt-ep-static-grid-tab-item\">\n\t\t\t\t\t\t<div class=\"bdt-ep-static-grid-tab-image\">\n\t\t\t<div class=\"bdt-ep-static-grid-tab-image-inner bdt-gt-mh bdt-cover-container\">\n\n\t\t\t\t<img loading=\"lazy\" decoding=\"async\" width=\"300\" height=\"300\" src=\"https:\/\/inmobiliariafortese.com.ar\/wp-content\/uploads\/2024\/02\/callejas9-300x300.jpg\" class=\"attachment-medium size-medium\" alt=\"Casa a la venta\" srcset=\"https:\/\/inmobiliariafortese.com.ar\/wp-content\/uploads\/2024\/02\/callejas9-300x300.jpg 300w, https:\/\/inmobiliariafortese.com.ar\/wp-content\/uploads\/2024\/02\/callejas9-1024x1024.jpg 1024w, https:\/\/inmobiliariafortese.com.ar\/wp-content\/uploads\/2024\/02\/callejas9-150x150.jpg 150w, https:\/\/inmobiliariafortese.com.ar\/wp-content\/uploads\/2024\/02\/callejas9-768x768.jpg 768w, https:\/\/inmobiliariafortese.com.ar\/wp-content\/uploads\/2024\/02\/callejas9.jpg 1080w\" sizes=\"(max-width: 300px) 100vw, 300px\" \/>\n\t\t\t<\/div>\n\t\t<\/div>\n\t\t\t\t\t\t\t\t\t\t\t\t\t<div class=\"bdt-ep-static-grid-tab-desc\">\n\t\t\t\t\t<div class=\"bdt-post-grid-desc-inner bdt-gt-mh\">\n\t\t\t\t\t\t\t\t\t\t\t<h3\t\t\t\tclass=\"bdt-ep-static-grid-tab-main-title\">\n\t\t\t\tCasa a la venta\t\t\t<\/h3>\n\t\t\t\t\t\t\t\t\t\t\t\t\t\t<div class=\"bdt-ep-static-grid-tab-excerpt\">\n\t\t\t\t<div class=\"_a9zs\"><p class=\"_ap3a _aaco _aacu _aacx _aad7 _aade\" dir=\"auto\">Calle callejas 937, posee un terreno de 23.50 en su frente por 50 metros de fondo, metros construidos : 120 metros cubiertos y unos 50 metros semicubiertos aproximadamente, distribuci\u00f3n de ambientes; cocina , living comedor amplio, tres dormitorios , un ba\u00f1o, lavadero, pileta de nataci\u00f3n, terreno forestado.<\/p><\/div><div class=\"x9f619 xjbqb8w x78zum5 x168nmei x13lgxp2 x5pf9jr xo71vjh x1xmf6yo x12nagc x1n2onr6 x1plvlek xryxfnj x1c4vz4f x2lah0s xdt5ytf xqjyukv x1qjc9v5 x1oa3qoh x1nhvcw1\">\u00a0<\/div>\t\t\t<\/div>\n\t\t\t\t\t\t\t\t\t\t\t\t\t\t<div class=\"bdt-ep-static-grid-tab-readmore-wrap\">\n\t\t\t\t<a class=\"bdt-ep-static-grid-tab-readmore \" href=\"#\">\n\t\t\t\t\t\t\t\t\t\t\t\t\t\t<\/a>\n\t\t\t<\/div>\n\t\t\t\t\t\t\t\t<\/div>\n\t\t\t\t<\/div>\n\t\t\t\t\t\t<\/div>\n\t\t\t\t\t\t<\/dd>\n\t\t\t\t\t\t\t\t\t\t\t\t\t<dt>\n\t\t\t\t\t\t<div class=\"bdt-ep-static-grid-tab-thumbnail\">\n\t\t\t<img decoding=\"async\" src=\"https:\/\/inmobiliariafortese.com.ar\/wp-content\/uploads\/2024\/02\/callejas5-300x300.jpg\" alt=\"Casa a la venta\">\n\t\t<\/div>\n\t\t\t\t\t<\/dt>\n\t\t\t<dd>\n\t\t\t\t\t\t\t<div class=\"bdt-ep-static-grid-tab-item\">\n\t\t\t\t\t\t<div class=\"bdt-ep-static-grid-tab-image\">\n\t\t\t<div class=\"bdt-ep-static-grid-tab-image-inner bdt-gt-mh bdt-cover-container\">\n\n\t\t\t\t<img loading=\"lazy\" decoding=\"async\" width=\"300\" height=\"300\" src=\"https:\/\/inmobiliariafortese.com.ar\/wp-content\/uploads\/2024\/02\/callejas5-300x300.jpg\" class=\"attachment-medium size-medium\" alt=\"Casa a la venta\" srcset=\"https:\/\/inmobiliariafortese.com.ar\/wp-content\/uploads\/2024\/02\/callejas5-300x300.jpg 300w, https:\/\/inmobiliariafortese.com.ar\/wp-content\/uploads\/2024\/02\/callejas5-1024x1024.jpg 1024w, https:\/\/inmobiliariafortese.com.ar\/wp-content\/uploads\/2024\/02\/callejas5-150x150.jpg 150w, https:\/\/inmobiliariafortese.com.ar\/wp-content\/uploads\/2024\/02\/callejas5-768x768.jpg 768w, https:\/\/inmobiliariafortese.com.ar\/wp-content\/uploads\/2024\/02\/callejas5.jpg 1080w\" sizes=\"(max-width: 300px) 100vw, 300px\" \/>\n\t\t\t<\/div>\n\t\t<\/div>\n\t\t\t\t\t\t\t\t\t\t\t\t\t<div class=\"bdt-ep-static-grid-tab-desc\">\n\t\t\t\t\t<div class=\"bdt-post-grid-desc-inner bdt-gt-mh\">\n\t\t\t\t\t\t\t\t\t\t\t<h3\t\t\t\tclass=\"bdt-ep-static-grid-tab-main-title\">\n\t\t\t\tCasa a la venta\t\t\t<\/h3>\n\t\t\t\t\t\t\t\t\t\t\t\t\t\t<div class=\"bdt-ep-static-grid-tab-excerpt\">\n\t\t\t\t<p>Calle callejas 937, posee un terreno de 23.50 en su frente por 50 metros de fondo, metros construidos : 120 metros cubiertos y unos 50 metros semicubiertos aproximadamente, distribuci\u00f3n de ambientes; cocina , living comedor amplio, tres dormitorios , un ba\u00f1o, lavadero, pileta de nataci\u00f3n, terreno forestado.<\/p>\t\t\t<\/div>\n\t\t\t\t\t\t\t\t\t\t\t\t\t\t<div class=\"bdt-ep-static-grid-tab-readmore-wrap\">\n\t\t\t\t<a class=\"bdt-ep-static-grid-tab-readmore \" href=\"#\">\n\t\t\t\t\t\t\t\t\t\t\t\t\t\t<\/a>\n\t\t\t<\/div>\n\t\t\t\t\t\t\t\t<\/div>\n\t\t\t\t<\/div>\n\t\t\t\t\t\t<\/div>\n\t\t\t\t\t\t<\/dd>\n\t\t\t\t\t\t\t\t\t\t\t\t\t<dt>\n\t\t\t\t\t\t<div class=\"bdt-ep-static-grid-tab-thumbnail\">\n\t\t\t<img decoding=\"async\" src=\"https:\/\/inmobiliariafortese.com.ar\/wp-content\/uploads\/2024\/02\/callejas4-300x300.jpg\" alt=\"Casa a la venta\">\n\t\t<\/div>\n\t\t\t\t\t<\/dt>\n\t\t\t<dd>\n\t\t\t\t\t\t\t<div class=\"bdt-ep-static-grid-tab-item\">\n\t\t\t\t\t\t<div class=\"bdt-ep-static-grid-tab-image\">\n\t\t\t<div class=\"bdt-ep-static-grid-tab-image-inner bdt-gt-mh bdt-cover-container\">\n\n\t\t\t\t<img loading=\"lazy\" decoding=\"async\" width=\"300\" height=\"300\" src=\"https:\/\/inmobiliariafortese.com.ar\/wp-content\/uploads\/2024\/02\/callejas4-300x300.jpg\" class=\"attachment-medium size-medium\" alt=\"Casa a la venta\" srcset=\"https:\/\/inmobiliariafortese.com.ar\/wp-content\/uploads\/2024\/02\/callejas4-300x300.jpg 300w, https:\/\/inmobiliariafortese.com.ar\/wp-content\/uploads\/2024\/02\/callejas4-1024x1024.jpg 1024w, https:\/\/inmobiliariafortese.com.ar\/wp-content\/uploads\/2024\/02\/callejas4-150x150.jpg 150w, https:\/\/inmobiliariafortese.com.ar\/wp-content\/uploads\/2024\/02\/callejas4-768x768.jpg 768w, https:\/\/inmobiliariafortese.com.ar\/wp-content\/uploads\/2024\/02\/callejas4.jpg 1080w\" sizes=\"(max-width: 300px) 100vw, 300px\" \/>\n\t\t\t<\/div>\n\t\t<\/div>\n\t\t\t\t\t\t\t\t\t\t\t\t\t<div class=\"bdt-ep-static-grid-tab-desc\">\n\t\t\t\t\t<div class=\"bdt-post-grid-desc-inner bdt-gt-mh\">\n\t\t\t\t\t\t\t\t\t\t\t<h3\t\t\t\tclass=\"bdt-ep-static-grid-tab-main-title\">\n\t\t\t\tCasa a la venta\t\t\t<\/h3>\n\t\t\t\t\t\t\t\t\t\t\t\t\t\t<div class=\"bdt-ep-static-grid-tab-excerpt\">\n\t\t\t\t<p>Calle callejas 937, posee un terreno de 23.50 en su frente por 50 metros de fondo, metros construidos : 120 metros cubiertos y unos 50 metros semicubiertos aproximadamente, distribuci\u00f3n de ambientes; cocina , living comedor amplio, tres dormitorios , un ba\u00f1o, lavadero, pileta de nataci\u00f3n, terreno forestado.<\/p>\t\t\t<\/div>\n\t\t\t\t\t\t\t\t\t\t\t\t\t\t<div class=\"bdt-ep-static-grid-tab-readmore-wrap\">\n\t\t\t\t<a class=\"bdt-ep-static-grid-tab-readmore \" href=\"#\">\n\t\t\t\t\t\t\t\t\t\t\t\t\t\t<\/a>\n\t\t\t<\/div>\n\t\t\t\t\t\t\t\t<\/div>\n\t\t\t\t<\/div>\n\t\t\t\t\t\t<\/div>\n\t\t\t\t\t\t<\/dd>\n\t\t\t\t\t\t\t\t\t\t\t\t\t<dt>\n\t\t\t\t\t\t<div class=\"bdt-ep-static-grid-tab-thumbnail\">\n\t\t\t<img decoding=\"async\" src=\"https:\/\/inmobiliariafortese.com.ar\/wp-content\/uploads\/2024\/02\/callejas3-300x300.jpg\" alt=\"Casa a la venta\">\n\t\t<\/div>\n\t\t\t\t\t<\/dt>\n\t\t\t<dd>\n\t\t\t\t\t\t\t<div class=\"bdt-ep-static-grid-tab-item\">\n\t\t\t\t\t\t<div class=\"bdt-ep-static-grid-tab-image\">\n\t\t\t<div class=\"bdt-ep-static-grid-tab-image-inner bdt-gt-mh bdt-cover-container\">\n\n\t\t\t\t<img loading=\"lazy\" decoding=\"async\" width=\"300\" height=\"300\" src=\"https:\/\/inmobiliariafortese.com.ar\/wp-content\/uploads\/2024\/02\/callejas3-300x300.jpg\" class=\"attachment-medium size-medium\" alt=\"Casa a la venta\" srcset=\"https:\/\/inmobiliariafortese.com.ar\/wp-content\/uploads\/2024\/02\/callejas3-300x300.jpg 300w, https:\/\/inmobiliariafortese.com.ar\/wp-content\/uploads\/2024\/02\/callejas3-1024x1024.jpg 1024w, https:\/\/inmobiliariafortese.com.ar\/wp-content\/uploads\/2024\/02\/callejas3-150x150.jpg 150w, https:\/\/inmobiliariafortese.com.ar\/wp-content\/uploads\/2024\/02\/callejas3-768x768.jpg 768w, https:\/\/inmobiliariafortese.com.ar\/wp-content\/uploads\/2024\/02\/callejas3.jpg 1080w\" sizes=\"(max-width: 300px) 100vw, 300px\" \/>\n\t\t\t<\/div>\n\t\t<\/div>\n\t\t\t\t\t\t\t\t\t\t\t\t\t<div class=\"bdt-ep-static-grid-tab-desc\">\n\t\t\t\t\t<div class=\"bdt-post-grid-desc-inner bdt-gt-mh\">\n\t\t\t\t\t\t\t\t\t\t\t<h3\t\t\t\tclass=\"bdt-ep-static-grid-tab-main-title\">\n\t\t\t\tCasa a la venta\t\t\t<\/h3>\n\t\t\t\t\t\t\t\t\t\t\t\t\t\t<div class=\"bdt-ep-static-grid-tab-excerpt\">\n\t\t\t\t<p>Calle callejas 937, posee un terreno de 23.50 en su frente por 50 metros de fondo, metros construidos : 120 metros cubiertos y unos 50 metros semicubiertos aproximadamente, distribuci\u00f3n de ambientes; cocina , living comedor amplio, tres dormitorios , un ba\u00f1o, lavadero, pileta de nataci\u00f3n, terreno forestado.<\/p>\t\t\t<\/div>\n\t\t\t\t\t\t\t\t\t\t\t\t\t\t<div class=\"bdt-ep-static-grid-tab-readmore-wrap\">\n\t\t\t\t<a class=\"bdt-ep-static-grid-tab-readmore \" href=\"#\">\n\t\t\t\t\t\t\t\t\t\t\t\t\t\t<\/a>\n\t\t\t<\/div>\n\t\t\t\t\t\t\t\t<\/div>\n\t\t\t\t<\/div>\n\t\t\t\t\t\t<\/div>\n\t\t\t\t\t\t<\/dd>\n\t\t\t\t\t\t\t\t<\/dl>\n\t\t<\/div>\n\t\t\t\t\t\t<\/div>\n\t\t\t\t<\/div>\n\t\t\t\t\t<\/div>\n\t\t\t\t<\/div>\n\t\t\t\t<\/div>\n\t\t","protected":false},"excerpt":{"rendered":"<p>Facebook Instagram Casa a la venta \u00a0Calle callejas 937, posee un terreno de 23.50 en su frente por 50 metros de fondo, metros construidos : 120 metros cubiertos y unos &#8230;<\/p>\n","protected":false},"author":1,"featured_media":0,"parent":0,"menu_order":0,"comment_status":"closed","ping_status":"closed","template":"","meta":{"footnotes":""},"class_list":["post-1362","page","type-page","status-publish","hentry"],"_links":{"self":[{"href":"https:\/\/inmobiliariafortese.com.ar\/index.php?rest_route=\/wp\/v2\/pages\/1362","targetHints":{"allow":["GET"]}}],"collection":[{"href":"https:\/\/inmobiliariafortese.com.ar\/index.php?rest_route=\/wp\/v2\/pages"}],"about":[{"href":"https:\/\/inmobiliariafortese.com.ar\/index.php?rest_route=\/wp\/v2\/types\/page"}],"author":[{"embeddable":true,"href":"https:\/\/inmobiliariafortese.com.ar\/index.php?rest_route=\/wp\/v2\/users\/1"}],"replies":[{"embeddable":true,"href":"https:\/\/inmobiliariafortese.com.ar\/index.php?rest_route=%2Fwp%2Fv2%2Fcomments&post=1362"}],"version-history":[{"count":13,"href":"https:\/\/inmobiliariafortese.com.ar\/index.php?rest_route=\/wp\/v2\/pages\/1362\/revisions"}],"predecessor-version":[{"id":1506,"href":"https:\/\/inmobiliariafortese.com.ar\/index.php?rest_route=\/wp\/v2\/pages\/1362\/revisions\/1506"}],"wp:attachment":[{"href":"https:\/\/inmobiliariafortese.com.ar\/index.php?rest_route=%2Fwp%2Fv2%2Fmedia&parent=1362"}],"curies":[{"name":"wp","href":"https:\/\/api.w.org\/{rel}","templated":true}]}}