{"id":1274,"date":"2024-02-19T22:44:14","date_gmt":"2024-02-19T22:44:14","guid":{"rendered":"https:\/\/inmobiliariafortese.com.ar\/?page_id=1274"},"modified":"2024-05-28T11:58:38","modified_gmt":"2024-05-28T11:58:38","slug":"alquiler-locales","status":"publish","type":"page","link":"https:\/\/inmobiliariafortese.com.ar\/?page_id=1274","title":{"rendered":"Alquiler locales"},"content":{"rendered":"\t\t<div data-elementor-type=\"wp-page\" data-elementor-id=\"1274\" class=\"elementor elementor-1274\" data-elementor-post-type=\"page\">\n\t\t\t\t<div class=\"elementor-element elementor-element-d5888f5 e-flex e-con-boxed e-con e-parent\" data-id=\"d5888f5\" data-element_type=\"container\" data-e-type=\"container\">\n\t\t\t\t\t<div class=\"e-con-inner\">\n\t\t\t\t<div class=\"elementor-element elementor-element-b8cbabe bdt-navigation-type-both bdt-item-match-height--yes bdt-carousel-style-carousel elementor-widget elementor-widget-bdt-static-carousel\" data-id=\"b8cbabe\" data-element_type=\"widget\" data-e-type=\"widget\" data-widget_type=\"bdt-static-carousel.default\">\n\t\t\t\t<div class=\"elementor-widget-container\">\n\t\t\t\t\t        <div id=\"bdt-static-carousel-b8cbabe\" class=\"bdt-arrows-dots-align-center bdt-static-carousel\" data-settings=\"{&quot;autoplay&quot;:{&quot;delay&quot;:5000,&quot;disableOnInteraction&quot;:false},&quot;loop&quot;:true,&quot;speed&quot;:500,&quot;pauseOnHover&quot;:true,&quot;slidesPerView&quot;:1,&quot;slidesPerGroup&quot;:1,&quot;spaceBetween&quot;:20,&quot;effect&quot;:&quot;carousel&quot;,&quot;breakpoints&quot;:{&quot;767&quot;:{&quot;slidesPerView&quot;:2,&quot;spaceBetween&quot;:20,&quot;slidesPerGroup&quot;:1},&quot;1023&quot;:{&quot;slidesPerView&quot;:3,&quot;spaceBetween&quot;:20,&quot;slidesPerGroup&quot;:1}},&quot;navigation&quot;:{&quot;nextEl&quot;:&quot;#bdt-static-carousel-b8cbabe .bdt-navigation-next&quot;,&quot;prevEl&quot;:&quot;#bdt-static-carousel-b8cbabe .bdt-navigation-prev&quot;},&quot;pagination&quot;:{&quot;el&quot;:&quot;#bdt-static-carousel-b8cbabe .swiper-pagination&quot;,&quot;type&quot;:&quot;bullets&quot;,&quot;clickable&quot;:&quot;true&quot;,&quot;dynamicBullets&quot;:false},&quot;scrollbar&quot;:{&quot;el&quot;:&quot;#bdt-static-carousel-b8cbabe .swiper-scrollbar&quot;,&quot;hide&quot;:&quot;true&quot;},&quot;coverflowEffect&quot;:{&quot;rotate&quot;:50,&quot;stretch&quot;:0,&quot;depth&quot;:100,&quot;modifier&quot;:1,&quot;slideShadows&quot;:true}}\">\n            <div class=\"swiper-carousel swiper\" role=\"region\" aria-roledescription=\"carousel\" aria-label=\"Static Carousel\" dir=\"ltr\">\n                <div class=\"swiper-wrapper\">\n                    \n                    <div class=\"bdt-ep-static-carousel-item swiper-slide\">\n                        <div class=\"bdt-flex bdt-ep-static-carousel-image\">\n\n            <img fetchpriority=\"high\" decoding=\"async\" width=\"800\" height=\"800\" src=\"https:\/\/inmobiliariafortese.com.ar\/wp-content\/uploads\/2024\/02\/AlquilolocalubicacioncalleMedrano817medidas430x380.IMPECABLEESTADO.-1-1.jpg\" class=\"attachment-large size-large\" alt=\"Medrano 817\" srcset=\"https:\/\/inmobiliariafortese.com.ar\/wp-content\/uploads\/2024\/02\/AlquilolocalubicacioncalleMedrano817medidas430x380.IMPECABLEESTADO.-1-1.jpg 960w, https:\/\/inmobiliariafortese.com.ar\/wp-content\/uploads\/2024\/02\/AlquilolocalubicacioncalleMedrano817medidas430x380.IMPECABLEESTADO.-1-1-300x300.jpg 300w, https:\/\/inmobiliariafortese.com.ar\/wp-content\/uploads\/2024\/02\/AlquilolocalubicacioncalleMedrano817medidas430x380.IMPECABLEESTADO.-1-1-150x150.jpg 150w, https:\/\/inmobiliariafortese.com.ar\/wp-content\/uploads\/2024\/02\/AlquilolocalubicacioncalleMedrano817medidas430x380.IMPECABLEESTADO.-1-1-768x768.jpg 768w\" sizes=\"(max-width: 800px) 100vw, 800px\" \/>\n            \n        <\/div>\n                        <div class=\"bdt-ep-static-carousel-content\">\n                                        <h4                class=\"bdt-ep-static-carousel-sub-title\">\n                Local             <\/h4>\n                                                    <h3                class=\"bdt-ep-static-carousel-title ep-title-\">\n                Medrano 817                            <\/h3>\n                                                    <div class=\"bdt-ep-static-carousel-text\">\n                <p>medidas 430 x 380 . IMPECABLE ESTADO.<\/p>            <\/div>\n                                                    <div class=\"bdt-ep-static-carousel-readmore-wrap\">\n                <a class=\"bdt-ep-static-carousel-readmore \" href=\"https:\/\/inmobiliariafortese.com.ar\/?page_id=1001\" target=\"_blank\">\n                    M\u00e1s detalles                                            <span class=\"bdt-button-icon-align-right\">\n                            <i aria-hidden=\"true\" class=\"fa-fw fas fa-arrow-circle-right\"><\/i>                        <\/span>\n                                    <\/a>\n            <\/div>\n                            <\/div>\n\n                            <\/div>\n                    <div class=\"bdt-ep-static-carousel-item swiper-slide\">\n                        <div class=\"bdt-flex bdt-ep-static-carousel-image bdt-flex bdt-ep-static-carousel-image\">\n\n            <img decoding=\"async\" width=\"600\" height=\"600\" src=\"https:\/\/inmobiliariafortese.com.ar\/wp-content\/uploads\/2024\/02\/420154894_885244510268068_2940901285391522714_n-1.jpg\" class=\"attachment-large size-large\" alt=\"Laprida\" srcset=\"https:\/\/inmobiliariafortese.com.ar\/wp-content\/uploads\/2024\/02\/420154894_885244510268068_2940901285391522714_n-1.jpg 600w, https:\/\/inmobiliariafortese.com.ar\/wp-content\/uploads\/2024\/02\/420154894_885244510268068_2940901285391522714_n-1-300x300.jpg 300w, https:\/\/inmobiliariafortese.com.ar\/wp-content\/uploads\/2024\/02\/420154894_885244510268068_2940901285391522714_n-1-150x150.jpg 150w\" sizes=\"(max-width: 600px) 100vw, 600px\" \/>\n            \n        <\/div>\n                        <div class=\"bdt-ep-static-carousel-content\">\n                                        <h4                class=\"bdt-ep-static-carousel-sub-title\">\n                Local en Alquiler            <\/h4>\n                                                    <h3                class=\"bdt-ep-static-carousel-title ep-title-\">\n                Laprida                            <\/h3>\n                                                    <div class=\"bdt-ep-static-carousel-text\">\n                <p>sobre calle laprida, entre colombres y darragueira, salon comercial m\u00e1s un ba\u00f1o, frente todo vidriado.<\/p>            <\/div>\n                                                    <div class=\"bdt-ep-static-carousel-readmore-wrap\">\n                <a class=\"bdt-ep-static-carousel-readmore \" href=\"https:\/\/inmobiliariafortese.com.ar\/?page_id=1235\" target=\"_blank\">\n                    M\u00e1s detalles                                            <span class=\"bdt-button-icon-align-right\">\n                            <i aria-hidden=\"true\" class=\"fa-fw fas fa-arrow-circle-right\"><\/i>                        <\/span>\n                                    <\/a>\n            <\/div>\n                            <\/div>\n\n                            <\/div>\n                    <div class=\"bdt-ep-static-carousel-item swiper-slide\">\n                        <div class=\"bdt-flex bdt-ep-static-carousel-image bdt-flex bdt-ep-static-carousel-image bdt-flex bdt-ep-static-carousel-image\">\n\n            <img decoding=\"async\" width=\"719\" height=\"699\" src=\"https:\/\/inmobiliariafortese.com.ar\/wp-content\/uploads\/2024\/05\/local-4-de-febrero-5.jpg\" class=\"attachment-large size-large\" alt=\"4 de febrero\" srcset=\"https:\/\/inmobiliariafortese.com.ar\/wp-content\/uploads\/2024\/05\/local-4-de-febrero-5.jpg 719w, https:\/\/inmobiliariafortese.com.ar\/wp-content\/uploads\/2024\/05\/local-4-de-febrero-5-300x292.jpg 300w\" sizes=\"(max-width: 719px) 100vw, 719px\" \/>\n            \n        <\/div>\n                        <div class=\"bdt-ep-static-carousel-content\">\n                                        <h4                class=\"bdt-ep-static-carousel-sub-title\">\n                Local en alquiler            <\/h4>\n                                                    <h3                class=\"bdt-ep-static-carousel-title ep-title-\">\n                4 de febrero                            <\/h3>\n                                                    <div class=\"bdt-ep-static-carousel-text\">\n                <p>Excelente propiedad en alquiler, sobre calle 4 de febrero esquina chacabuco.<\/p>            <\/div>\n                                                    <div class=\"bdt-ep-static-carousel-readmore-wrap\">\n                <a class=\"bdt-ep-static-carousel-readmore \" href=\"https:\/\/inmobiliariafortese.com.ar\/?page_id=1254\" target=\"_blank\">\n                    M\u00e1s detalles                                            <span class=\"bdt-button-icon-align-right\">\n                            <i aria-hidden=\"true\" class=\"fa-fw fas fa-arrow-circle-right\"><\/i>                        <\/span>\n                                    <\/a>\n            <\/div>\n                            <\/div>\n\n                            <\/div>\n                    <div class=\"bdt-ep-static-carousel-item swiper-slide\">\n                        <div class=\"bdt-flex bdt-ep-static-carousel-image bdt-flex bdt-ep-static-carousel-image bdt-flex bdt-ep-static-carousel-image bdt-flex bdt-ep-static-carousel-image\">\n\n            <img loading=\"lazy\" decoding=\"async\" width=\"800\" height=\"800\" src=\"https:\/\/inmobiliariafortese.com.ar\/wp-content\/uploads\/2024\/03\/429872008_915955130530339_770509962537019944_n-1024x1024.jpg\" class=\"attachment-large size-large\" alt=\"Roque Saenz Pe\u00f1a 538\" srcset=\"https:\/\/inmobiliariafortese.com.ar\/wp-content\/uploads\/2024\/03\/429872008_915955130530339_770509962537019944_n-1024x1024.jpg 1024w, https:\/\/inmobiliariafortese.com.ar\/wp-content\/uploads\/2024\/03\/429872008_915955130530339_770509962537019944_n-300x300.jpg 300w, https:\/\/inmobiliariafortese.com.ar\/wp-content\/uploads\/2024\/03\/429872008_915955130530339_770509962537019944_n-150x150.jpg 150w, https:\/\/inmobiliariafortese.com.ar\/wp-content\/uploads\/2024\/03\/429872008_915955130530339_770509962537019944_n-768x768.jpg 768w, https:\/\/inmobiliariafortese.com.ar\/wp-content\/uploads\/2024\/03\/429872008_915955130530339_770509962537019944_n.jpg 1440w\" sizes=\"(max-width: 800px) 100vw, 800px\" \/>\n            \n        <\/div>\n                        <div class=\"bdt-ep-static-carousel-content\">\n                                        <h4                class=\"bdt-ep-static-carousel-sub-title\">\n                Galp\u00f3n en alquiler            <\/h4>\n                                                    <h3                class=\"bdt-ep-static-carousel-title ep-title-\">\n                Roque Saenz Pe\u00f1a 538                            <\/h3>\n                                                    <div class=\"bdt-ep-static-carousel-text\">\n                <p>Alquiler de galp\u00f3n de 500 metros cubiertos aproximadamente, nuevo a estrenar, un ba\u00f1o, oficina, trif\u00e1sica impecable.<\/p>            <\/div>\n                                                    <div class=\"bdt-ep-static-carousel-readmore-wrap\">\n                <a class=\"bdt-ep-static-carousel-readmore \" href=\"https:\/\/inmobiliariafortese.com.ar\/wp-admin\/post.php?post=1538&#038;action=elementor\">\n                    M\u00e1s detalles                                            <span class=\"bdt-button-icon-align-right\">\n                            <i aria-hidden=\"true\" class=\"fa-fw fas fa-arrow-circle-right\"><\/i>                        <\/span>\n                                    <\/a>\n            <\/div>\n                            <\/div>\n\n                            <\/div>\n        \t\t<\/div>\n\t\t\t\t<\/div>\n\n\t\t\t\t\t\t\t<div class=\"bdt-position-z-index bdt-position-center\">\n\t\t\t<div class=\"bdt-arrows-dots-container bdt-slidenav-container \">\n\n\t\t\t\t<div class=\"bdt-flex bdt-flex-middle\">\n\t\t\t\t\t<div class=\"bdt-visible@m\">\n\t\t\t\t\t\t<div class=\"bdt-navigation-prev bdt-slidenav-previous bdt-icon bdt-slidenav\">\n\t\t\t\t\t\t\t<i class=\"ep-icon-arrow-left-circle-3\" aria-hidden=\"true\"><\/i>\n\t\t\t\t\t\t<\/div>\n\t\t\t\t\t<\/div>\n\n\t\t\t\t\t\n\t\t\t\t\t<div class=\"bdt-visible@m\">\n\t\t\t\t\t\t<div class=\"bdt-navigation-next bdt-slidenav-next bdt-icon bdt-slidenav\">\n\t\t\t\t\t\t\t<i class=\"ep-icon-arrow-right-circle-3\" aria-hidden=\"true\"><\/i>\n\t\t\t\t\t\t<\/div>\n\t\t\t\t\t<\/div>\n\n\t\t\t\t<\/div>\n\t\t\t<\/div>\n\t\t<\/div>\n\t\t\t\t\t\t\t\t<div class=\"bdt-position-z-index bdt-position-bottom\">\n\t\t\t\t\t<div class=\"bdt-dots-container\">\n\t\t\t\t\t\t<div class=\"swiper-pagination\"><\/div>\n\t\t\t\t\t<\/div>\n\t\t\t\t<\/div>\n\t\t\t\t\t\n\t\t<\/div>\n\n\t\t\t\t<\/div>\n\t\t\t\t<\/div>\n\t\t\t\t\t<\/div>\n\t\t\t\t<\/div>\n\t\t<div class=\"elementor-element elementor-element-deaac4c e-flex e-con-boxed e-con e-parent\" data-id=\"deaac4c\" data-element_type=\"container\" data-e-type=\"container\">\n\t\t\t\t\t<div class=\"e-con-inner\">\n\t\t\t\t<div class=\"elementor-element elementor-element-58548e6 elementor-widget__width-initial elementor-fixed elementor-shape-rounded elementor-grid-0 e-grid-align-center elementor-widget elementor-widget-social-icons\" data-id=\"58548e6\" data-element_type=\"widget\" data-e-type=\"widget\" data-settings=\"{&quot;_position&quot;:&quot;fixed&quot;}\" data-widget_type=\"social-icons.default\">\n\t\t\t\t<div class=\"elementor-widget-container\">\n\t\t\t\t\t\t\t<div class=\"elementor-social-icons-wrapper elementor-grid\" role=\"list\">\n\t\t\t\t\t\t\t<span class=\"elementor-grid-item\" role=\"listitem\">\n\t\t\t\t\t<a class=\"elementor-icon elementor-social-icon elementor-social-icon-facebook elementor-repeater-item-fcc4b6d\" href=\"https:\/\/www.facebook.com\/profile.php?id=100063475813279\" target=\"_blank\">\n\t\t\t\t\t\t<span class=\"elementor-screen-only\">Facebook<\/span>\n\t\t\t\t\t\t<i aria-hidden=\"true\" class=\"fab fa-facebook\"><\/i>\t\t\t\t\t<\/a>\n\t\t\t\t<\/span>\n\t\t\t\t\t\t\t<span class=\"elementor-grid-item\" role=\"listitem\">\n\t\t\t\t\t<a class=\"elementor-icon elementor-social-icon elementor-social-icon-instagram elementor-repeater-item-3567406\" href=\"https:\/\/www.instagram.com\/inmobiliariafortese\/\" target=\"_blank\">\n\t\t\t\t\t\t<span class=\"elementor-screen-only\">Instagram<\/span>\n\t\t\t\t\t\t<i aria-hidden=\"true\" class=\"fab fa-instagram\"><\/i>\t\t\t\t\t<\/a>\n\t\t\t\t<\/span>\n\t\t\t\t\t<\/div>\n\t\t\t\t\t\t<\/div>\n\t\t\t\t<\/div>\n\t\t\t\t\t<\/div>\n\t\t\t\t<\/div>\n\t\t\t\t<\/div>\n\t\t","protected":false},"excerpt":{"rendered":"<p>Local Medrano 817 medidas 430 x 380 . IMPECABLE ESTADO. M\u00e1s detalles Local en Alquiler Laprida sobre calle laprida, entre colombres y darragueira, salon comercial m\u00e1s un ba\u00f1o, frente todo &#8230;<\/p>\n","protected":false},"author":1,"featured_media":0,"parent":0,"menu_order":0,"comment_status":"closed","ping_status":"closed","template":"","meta":{"footnotes":""},"class_list":["post-1274","page","type-page","status-publish","hentry"],"_links":{"self":[{"href":"https:\/\/inmobiliariafortese.com.ar\/index.php?rest_route=\/wp\/v2\/pages\/1274","targetHints":{"allow":["GET"]}}],"collection":[{"href":"https:\/\/inmobiliariafortese.com.ar\/index.php?rest_route=\/wp\/v2\/pages"}],"about":[{"href":"https:\/\/inmobiliariafortese.com.ar\/index.php?rest_route=\/wp\/v2\/types\/page"}],"author":[{"embeddable":true,"href":"https:\/\/inmobiliariafortese.com.ar\/index.php?rest_route=\/wp\/v2\/users\/1"}],"replies":[{"embeddable":true,"href":"https:\/\/inmobiliariafortese.com.ar\/index.php?rest_route=%2Fwp%2Fv2%2Fcomments&post=1274"}],"version-history":[{"count":22,"href":"https:\/\/inmobiliariafortese.com.ar\/index.php?rest_route=\/wp\/v2\/pages\/1274\/revisions"}],"predecessor-version":[{"id":1591,"href":"https:\/\/inmobiliariafortese.com.ar\/index.php?rest_route=\/wp\/v2\/pages\/1274\/revisions\/1591"}],"wp:attachment":[{"href":"https:\/\/inmobiliariafortese.com.ar\/index.php?rest_route=%2Fwp%2Fv2%2Fmedia&parent=1274"}],"curies":[{"name":"wp","href":"https:\/\/api.w.org\/{rel}","templated":true}]}}